{"id":3626,"date":"2017-09-19T23:36:02","date_gmt":"2017-09-19T21:36:02","guid":{"rendered":"https:\/\/hotelvanessa.gr\/it\/?page_id=3626"},"modified":"2025-01-03T03:01:27","modified_gmt":"2025-01-03T01:01:27","slug":"about-us","status":"publish","type":"page","link":"https:\/\/hotelvanessa.gr\/it\/home\/about-us\/","title":{"rendered":"Su Di Noi"},"content":{"rendered":"<div id=\"pl-3626\"  class=\"panel-layout\" ><div id=\"pg-3626-0\"  class=\"panel-grid panel-no-style\" ><div id=\"pgc-3626-0-0\"  class=\"panel-grid-cell\" ><div id=\"panel-3626-0-0-0\" class=\"so-panel widget widget_icon-box panel-first-child panel-last-child\" data-index=\"0\" ><div class=\"panel-widget-style panel-widget-style-for-3626-0-0-0\" ><div class=\"thim-widget-icon-box thim-widget-icon-box-base\"><div class=\"inner-box \"><div style=\"background-image:url()\" class=\"wrapper-box-icon text-center   wrapper-line-heading\" ><div class=\"smicon-box iconbox-top\"><div class=\"content-inner\" ><div class=\"sc-heading article_heading\"><h3 class = \"heading__primary\" >Hotel e Appartamenti Vanessa<\/h3><span class=\"line-heading\"><span><\/span><\/span><\/div><div class=\"desc-icon-box\"><div ><h1><strong><\/strong>Rispetto ad altri Hotel Zante<\/strong><\/h1>\n\n<h3>Il nostro hotel \u00e8 consigliato per i suoi ottimi servizi ed i prezzi ragionevoli rispetto ad altri hotel e appartamenti a Zante su siti web popolari come <a href=\"http:\/\/www.booking.com\/region\/gr\/zakynthos.it.html\" rel=\"nofollow\" target=\"_blank\">booking.com<\/a>, <a href=\"http:\/\/www.tripadvisor.it\/Hotels-g189462-Zakynthos_Ionian_Islands-Hotels.html\" rel=\"nofollow\" target=\"_blank\">tripadvisor.it<\/a>, <a href=\"http:\/\/www.trivago.it\" rel=\"nofollow\" target=\"_blank\">trivago.it<\/a> ecc<\/h3>\n\nL\u2019Hotel Vanessa (Vanessa Hotel) si trova nel cuore di Kalamaki. Kalamaki \u00e8 una locali\u00e0 turistica di Zante molto popolare. Questa posizione \u00e8 ideale per le vacanze in famiglia, vacanze tra amici, e per le coppie che vogliono trascorrere una vacanza romantica e rilassante sull\u2019isola di Zante. L\u2019Hotel Vanessa (Vanessa Hotel) punta sulla qualit\u00e0 e assicura un\u2019atmosfera accogliente. Si tratta di un albergo con un architettura tradizionale e delle camere confortevoli; \u00e8 circondato da un bellissimo giardino tropicale, una grande piscina pulita (sia per bambini che per adulti) e di un bar-ristorante all\u2019aperto che offre la prima colazione, pasti veloci, insalate, spuntini freschi, gelati e tanti altri piatti gustosi. Al bar potrete bere bevande alcoliche, cocktail, bibite ecc. guardando la TV satellitare o giocando a biliardo.\n\nCircondato da un bellissimo giardino tropicale, una grande piscina pulita (sia per bambini, sia piscina per adulti) e di un bar-ristorante all\u2019aperto che offre la prima colazione, pasti veloci, insalate, piatti, spuntini freschi, gelati e tanti altri piatti gustosi. Inoltre il bar-ristorate all`aperto \u00e8 anche completamente attrezzato per la produzione di bevande alcoliche, cocktail, bibite ecc. In questa zona vi \u00e8 anche una TV satellitare e un tavolo da biliardo per il vostro divertimento.\n\n<h2>Zante ha molti hotel che si possono trovare con la ricerca di parole come:<\/h2> Hotel a Zante, Zante Hotel, Zante alberghi, hotel Zante, Zante Hotels, hotel a Zacinto, alberghi a Zacinto, Zante appartamenti, appartamenti Zante e altre parole simili. Prima di scegliere vi consigliamo di consultare le pagine web (forum) con i commenti delle persone che hanno gi\u00e0 visitato Zante e soggiornato in uno degli alberghi di Zante. In questo modo, riuscirete ad avere la certezza che il nostro hotel \u00e8 stato votato come uno dei migliori nel rapporto qualit\u00e0 - prezzo rispetto ad altri hotel a Zante. Inoltre, se provate a digitare una delle seguenti diciture: \"Hotel Zante economici\" o \"alberghi a Zante con prezzi economici\" o \"hotel economici a Zante\", vedrete che il sito del nostro hotel si trova solitamente entro i 10 primi risultati di Google. \n\nInoltre, se si trova una delle seguenti diciture: Hotel Zante del valore economico o alberghi a Zante con prezzi economici o hotel economici a Zante, si pu\u00f2 vedere che la pubblicit\u00e0 del sito dell'hotel si trova solitamente entro i 10 primi risultati dei motori di di ricerca di Google.\n\n<h3>Il nostro hotel a Zante \u00e8 un albergo conosciuto, che offre servizi di buona qualit\u00e0 a prezzi molto convenienti rispetto a molti altri alberghi di Zante (Zante appartamenti, hotel Zante).<\/h3>\n\nL'<a href=\"https:\/\/hotelvanessa.gr\/it\/\">Hotel Vanessa<\/a> \u00e8 raccomandato come uno dei principali hotel a Zacinto (top Zante hotel) e come uno dei migliori in rapporto qualit\u00e0-prezzo rispetto a molti altri hotel a Zacinto (best value hotel in Zante)<\/div><\/div><\/div><\/div><!--end smicon-box--><\/div><\/div><\/div><\/div><\/div><\/div><\/div><div id=\"pg-3626-1\"  class=\"panel-grid panel-has-style\" ><div class=\"thim-bg-overlay siteorigin-panels-stretch article__parallax panel-row-style panel-row-style-for-3626-1\" data-stretch-type=\"full-width-stretch\" ><div id=\"pgc-3626-1-0\"  class=\"panel-grid-cell\" ><div id=\"panel-3626-1-0-0\" class=\"so-panel widget widget_siteorigin-panels-builder panel-first-child panel-last-child\" data-index=\"1\" ><div class=\"panel-widget-style panel-widget-style-for-3626-1-0-0\" ><div id=\"pl-w65aea22b797d8\"  class=\"panel-layout\" ><div id=\"pg-w65aea22b797d8-0\"  class=\"panel-grid panel-has-style\" ><div class=\"panel-row-style panel-row-style-for-w65aea22b797d8-0\" ><div id=\"pgc-w65aea22b797d8-0-0\"  class=\"panel-grid-cell\" ><div id=\"panel-w65aea22b797d8-0-0-0\" class=\"so-panel widget widget_counters-box panel-first-child panel-last-child\" data-index=\"0\" ><div class=\"thim-widget-counters-box thim-widget-counters-box-base\"><div class=\"counter-box \" ><div class=\"content-box-percentage\">\n<span class=\"display-percentage\" data-percentage=\"40\">40<\/span><span class=\"counter-box-content\">camere<\/span><\/div><\/div><\/div><\/div><\/div><div id=\"pgc-w65aea22b797d8-0-1\"  class=\"panel-grid-cell\" ><div id=\"panel-w65aea22b797d8-0-1-0\" class=\"so-panel widget widget_counters-box panel-first-child panel-last-child\" data-index=\"1\" ><div class=\"thim-widget-counters-box thim-widget-counters-box-base\"><div class=\"counter-box \" ><div class=\"content-box-percentage\">\n<span class=\"display-percentage\" data-percentage=\"16\">16<\/span><span class=\"counter-box-content\">personale<\/span><\/div><\/div><\/div><\/div><\/div><div id=\"pgc-w65aea22b797d8-0-2\"  class=\"panel-grid-cell\" ><div id=\"panel-w65aea22b797d8-0-2-0\" class=\"so-panel widget widget_counters-box panel-first-child panel-last-child\" data-index=\"2\" ><div class=\"thim-widget-counters-box thim-widget-counters-box-base\"><div class=\"counter-box \" ><div class=\"content-box-percentage\">\n<span class=\"display-percentage\" data-percentage=\"1\">1<\/span><span class=\"counter-box-content\">bar piscina<\/span><\/div><\/div><\/div><\/div><\/div><div id=\"pgc-w65aea22b797d8-0-3\"  class=\"panel-grid-cell\" ><div id=\"panel-w65aea22b797d8-0-3-0\" class=\"so-panel widget widget_counters-box panel-first-child panel-last-child\" data-index=\"3\" ><div class=\"thim-widget-counters-box thim-widget-counters-box-base\"><div class=\"counter-box \" ><div class=\"content-box-percentage\">\n<span class=\"display-percentage\" data-percentage=\"1\">1<\/span><span class=\"counter-box-content\">piscina<\/span><\/div><\/div><\/div><\/div><\/div><\/div><\/div><\/div><\/div><\/div><\/div><\/div><\/div><div id=\"pg-3626-2\"  class=\"panel-grid panel-no-style\" ><div id=\"pgc-3626-2-0\"  class=\"panel-grid-cell\" ><div id=\"panel-3626-2-0-0\" class=\"so-panel widget widget_icon-box panel-first-child\" data-index=\"2\" ><div class=\"thim-widget-icon-box thim-widget-icon-box-base\"><div class=\"inner-box \"><div style=\"background-image:url()\" class=\"wrapper-box-icon text-center   wrapper-line-heading\" ><div class=\"smicon-box iconbox-top\"><div class=\"content-inner\" ><div class=\"sc-heading article_heading\"><h3 class = \"heading__primary\" >Il Nostro Standard<\/h3><span class=\"line-heading\"><span><\/span><\/span><\/div><\/div><\/div><!--end smicon-box--><\/div><\/div><\/div><\/div><div id=\"panel-3626-2-0-1\" class=\"so-panel widget widget_list-html panel-last-child\" data-index=\"3\" ><div class=\"panel-widget-style panel-widget-style-for-3626-2-0-1\" ><div class=\"thim-widget-list-html thim-widget-list-html-basic-40cd750bba98\"><div class=\"list-html-content row\"><div class=\"col-sm-6\"><div class=\"item-content\"><div class=\"title-list\"><h5>1. Nessuna Tassa Nascosta. <\/h5><\/div><div class=\"desc-list\">Non ci sono spese o imposte nascoste. Gli ospiti pagano solo il costo totale della prenotazione indicata al momento della prenotazione. Tutte le tariffe includono a\/c, wifi (in tutto l'intero hotel incluso la tua camera), e cassetta di sicurezza.<\/div><\/div><\/div><div class=\"col-sm-6\"><div class=\"item-content\"><div class=\"title-list\"><h5>2. Pianificazione Della Pulizia. <\/h5><\/div><div class=\"desc-list\">Desideriamo informarvi che la maggior parte delle nostre prenotazioni \u00e8 per lunghi periodi e che le camere verranno pulite su richiesta. Questo \u00e8 secondo le nuove misure che sono state messe in atto per proteggere i nostri ospiti e prevenire la diffusione di COVID-19. Se desiderate che la vostra camera venga pulita o che abbiate altre richieste, siete pregati di informare la nostra receptionist presso la reception.<\/div><\/div><\/div><div class=\"col-sm-6\"><div class=\"item-content\"><div class=\"title-list\"><h5>3. Abbiamo 2 Tipi Di Tariffe. <\/h5><\/div><div class=\"desc-list\">Quando si effettua una prenotazione si deve scegliere tra due diversi tipi di prezzi. Il nostro primo tipo di tariffa \u00e8 la nostra \"Tariffe Standard\", il che significa che avete la cancellazione gratuita fino a 7 giorni prima dell'arrivo e potete pagare anche all'arrivo. Con la seconda opzione \"Tariffe Non Rimborsabili\" ricevete un 10% di sconto sui nostri \"Prezzi Standard\" ma dovrete pagare il costo totale della prenotazione al momento della prenotazione e come suggerito dal nome in caso di cancellazione non vi \u00e8 rimborso.<\/div><\/div><\/div><div class=\"col-sm-6\"><div class=\"item-content\"><div class=\"title-list\"><h5>4. Cambiamenti Delle Tariffe. <\/h5><\/div><div class=\"desc-list\">I nostri prezzi cambiano in base alla disponibilit\u00e0. \u00c8 possibile garantire il miglior prezzo presso il nostro hotel prenotando la vostra camera il pi\u00f9 presto possibile. Le tariffe indicate per monolocali e appartamenti sono da intendersi al giorno (non per persona).<\/div><\/div><\/div><span class=\"line-center\"><\/span><\/div><\/div><\/div><\/div><\/div><\/div><div id=\"pg-3626-3\"  class=\"panel-grid panel-has-style\" ><div class=\"thim-gallery-box siteorigin-panels-stretch panel-row-style panel-row-style-for-3626-3\" data-stretch-type=\"full\" ><div id=\"pgc-3626-3-0\"  class=\"panel-grid-cell\" ><div id=\"panel-3626-3-0-0\" class=\"so-panel widget widget_icon-box panel-first-child\" data-index=\"4\" ><div class=\"panel-widget-style panel-widget-style-for-3626-3-0-0\" ><div class=\"thim-widget-icon-box thim-widget-icon-box-base\"><div class=\"inner-box \"><div style=\"background-image:url()\" class=\"wrapper-box-icon text-center   wrapper-line-heading\" ><div class=\"smicon-box iconbox-top\"><div class=\"content-inner\" ><div class=\"sc-heading article_heading\"><h3 class = \"heading__primary\" >Galleria Fotografica<\/h3><span class=\"line-heading\"><span><\/span><\/span><\/div><div class=\"desc-icon-box\"><div >Alcune delle nostre foto<\/div><\/div><\/div><\/div><!--end smicon-box--><\/div><\/div><\/div><\/div><\/div><div id=\"panel-3626-3-0-1\" class=\"so-panel widget widget_sow-slider panel-last-child\" data-index=\"5\" ><div\n\t\t\t\n\t\t\tclass=\"so-widget-sow-slider so-widget-sow-slider-default-6d39609536fd-3626\"\n\t\t\t\n\t\t>\t\t\t\t<div class=\"sow-slider-base\" style=\"display: none\" tabindex=\"0\">\n\t\t\t\t\t<ul\n\t\t\t\t\tclass=\"sow-slider-images\"\n\t\t\t\t\tdata-settings=\"{&quot;pagination&quot;:true,&quot;speed&quot;:800,&quot;timeout&quot;:3000,&quot;paused&quot;:false,&quot;pause_on_hover&quot;:false,&quot;swipe&quot;:true,&quot;nav_always_show_desktop&quot;:&quot;&quot;,&quot;nav_always_show_mobile&quot;:&quot;&quot;,&quot;breakpoint&quot;:&quot;780px&quot;,&quot;unmute&quot;:false,&quot;anchor&quot;:null}\"\n\t\t\t\t\t\t\t\t\t\tdata-anchor-id=\"\"\n\t\t\t\t>\t\t<li class=\"sow-slider-image\" style=\"visibility: visible;\" >\n\t\t\t\t\t\t<img loading=\"lazy\" decoding=\"async\" width=\"1000\" height=\"666\" src=\"https:\/\/hotelvanessa.gr\/wp-content\/uploads\/2019\/08\/2-1.jpg\" class=\"sow-slider-background-image\" alt=\"zakinthos hotels, zakynthos hotels, hotels zante, zakinthos xenodoxia, zakynthos apartments, hotel zante, zante hotels, hotel zakinthos, hotels zakynthos, Zakynthos Hotels, Zakynthos Hotels Zakinthos Hotel\" style=\"\" srcset=\"https:\/\/hotelvanessa.gr\/wp-content\/uploads\/2019\/08\/2-1.jpg 1000w, https:\/\/hotelvanessa.gr\/wp-content\/uploads\/2019\/08\/2-1-400x266.jpg 400w, https:\/\/hotelvanessa.gr\/wp-content\/uploads\/2019\/08\/2-1-600x400.jpg 600w, https:\/\/hotelvanessa.gr\/wp-content\/uploads\/2019\/08\/2-1-768x511.jpg 768w, https:\/\/hotelvanessa.gr\/wp-content\/uploads\/2019\/08\/2-1-272x182.jpg 272w\" sizes=\"auto, (max-width: 1000px) 100vw, 1000px\" \/>\t\t<\/li>\n\t\t\t\t<li class=\"sow-slider-image\" style=\"visibility: hidden;\" >\n\t\t\t\t\t\t<img loading=\"lazy\" decoding=\"async\" width=\"1000\" height=\"666\" src=\"https:\/\/hotelvanessa.gr\/wp-content\/uploads\/2019\/07\/hotel-zante-zakinthos.jpg\" class=\"sow-slider-background-image\" alt=\"hotels zakynthos hotels zante zakynthos zante, zakynthos zante hotels zakynthos hotels zante\" style=\"\" srcset=\"https:\/\/hotelvanessa.gr\/wp-content\/uploads\/2019\/07\/hotel-zante-zakinthos.jpg 1000w, https:\/\/hotelvanessa.gr\/wp-content\/uploads\/2019\/07\/hotel-zante-zakinthos-400x266.jpg 400w, https:\/\/hotelvanessa.gr\/wp-content\/uploads\/2019\/07\/hotel-zante-zakinthos-600x400.jpg 600w, https:\/\/hotelvanessa.gr\/wp-content\/uploads\/2019\/07\/hotel-zante-zakinthos-768x511.jpg 768w, https:\/\/hotelvanessa.gr\/wp-content\/uploads\/2019\/07\/hotel-zante-zakinthos-272x182.jpg 272w\" sizes=\"auto, (max-width: 1000px) 100vw, 1000px\" \/>\t\t<\/li>\n\t\t\t\t<li class=\"sow-slider-image\" style=\"visibility: hidden;\" >\n\t\t\t\t\t\t<img loading=\"lazy\" decoding=\"async\" width=\"1000\" height=\"666\" src=\"https:\/\/hotelvanessa.gr\/wp-content\/uploads\/2019\/07\/hotels-zante-vanessa.jpg\" class=\"sow-slider-background-image\" alt=\"\" style=\"\" srcset=\"https:\/\/hotelvanessa.gr\/wp-content\/uploads\/2019\/07\/hotels-zante-vanessa.jpg 1000w, https:\/\/hotelvanessa.gr\/wp-content\/uploads\/2019\/07\/hotels-zante-vanessa-400x266.jpg 400w, https:\/\/hotelvanessa.gr\/wp-content\/uploads\/2019\/07\/hotels-zante-vanessa-600x400.jpg 600w, https:\/\/hotelvanessa.gr\/wp-content\/uploads\/2019\/07\/hotels-zante-vanessa-768x511.jpg 768w, https:\/\/hotelvanessa.gr\/wp-content\/uploads\/2019\/07\/hotels-zante-vanessa-272x182.jpg 272w\" sizes=\"auto, (max-width: 1000px) 100vw, 1000px\" \/>\t\t<\/li>\n\t\t\t\t<li class=\"sow-slider-image\" style=\"visibility: hidden;\" >\n\t\t\t\t\t\t<img loading=\"lazy\" decoding=\"async\" width=\"1000\" height=\"666\" src=\"https:\/\/hotelvanessa.gr\/wp-content\/uploads\/2019\/07\/zakynthos-zante-zakynthos-zante.jpg\" class=\"sow-slider-background-image\" alt=\"zakynthos zante hotels zakynthos hotels zante\" style=\"\" srcset=\"https:\/\/hotelvanessa.gr\/wp-content\/uploads\/2019\/07\/zakynthos-zante-zakynthos-zante.jpg 1000w, https:\/\/hotelvanessa.gr\/wp-content\/uploads\/2019\/07\/zakynthos-zante-zakynthos-zante-400x266.jpg 400w, https:\/\/hotelvanessa.gr\/wp-content\/uploads\/2019\/07\/zakynthos-zante-zakynthos-zante-600x400.jpg 600w, https:\/\/hotelvanessa.gr\/wp-content\/uploads\/2019\/07\/zakynthos-zante-zakynthos-zante-768x511.jpg 768w, https:\/\/hotelvanessa.gr\/wp-content\/uploads\/2019\/07\/zakynthos-zante-zakynthos-zante-272x182.jpg 272w\" sizes=\"auto, (max-width: 1000px) 100vw, 1000px\" \/>\t\t<\/li>\n\t\t\t\t<li class=\"sow-slider-image\" style=\"visibility: hidden;\" >\n\t\t\t\t\t\t<img loading=\"lazy\" decoding=\"async\" width=\"1000\" height=\"666\" src=\"https:\/\/hotelvanessa.gr\/wp-content\/uploads\/2019\/07\/hotel-kalamaki-vanessa-pool.jpg\" class=\"sow-slider-background-image\" alt=\"\" style=\"\" srcset=\"https:\/\/hotelvanessa.gr\/wp-content\/uploads\/2019\/07\/hotel-kalamaki-vanessa-pool.jpg 1000w, https:\/\/hotelvanessa.gr\/wp-content\/uploads\/2019\/07\/hotel-kalamaki-vanessa-pool-400x266.jpg 400w, https:\/\/hotelvanessa.gr\/wp-content\/uploads\/2019\/07\/hotel-kalamaki-vanessa-pool-600x400.jpg 600w, https:\/\/hotelvanessa.gr\/wp-content\/uploads\/2019\/07\/hotel-kalamaki-vanessa-pool-768x511.jpg 768w, https:\/\/hotelvanessa.gr\/wp-content\/uploads\/2019\/07\/hotel-kalamaki-vanessa-pool-272x182.jpg 272w\" sizes=\"auto, (max-width: 1000px) 100vw, 1000px\" \/>\t\t<\/li>\n\t\t\t\t<li class=\"sow-slider-image\" style=\"visibility: hidden;\" >\n\t\t\t\t\t\t<img loading=\"lazy\" decoding=\"async\" width=\"1000\" height=\"667\" src=\"https:\/\/hotelvanessa.gr\/wp-content\/uploads\/2017\/10\/zakynthos-hotels-vanessa-bar.jpg\" class=\"sow-slider-background-image\" alt=\"zakynthos hotels vanessa bar, zakinthos zante hotels, vanessa zakynthos hotels, hotels zante vanessa\" style=\"\" srcset=\"https:\/\/hotelvanessa.gr\/wp-content\/uploads\/2017\/10\/zakynthos-hotels-vanessa-bar.jpg 1000w, https:\/\/hotelvanessa.gr\/wp-content\/uploads\/2017\/10\/zakynthos-hotels-vanessa-bar-400x267.jpg 400w, https:\/\/hotelvanessa.gr\/wp-content\/uploads\/2017\/10\/zakynthos-hotels-vanessa-bar-600x400.jpg 600w, https:\/\/hotelvanessa.gr\/wp-content\/uploads\/2017\/10\/zakynthos-hotels-vanessa-bar-768x512.jpg 768w, https:\/\/hotelvanessa.gr\/wp-content\/uploads\/2017\/10\/zakynthos-hotels-vanessa-bar-272x182.jpg 272w\" sizes=\"auto, (max-width: 1000px) 100vw, 1000px\" \/>\t\t<\/li>\n\t\t\t\t<li class=\"sow-slider-image\" style=\"visibility: hidden;\" >\n\t\t\t\t\t\t<img loading=\"lazy\" decoding=\"async\" width=\"1000\" height=\"666\" src=\"https:\/\/hotelvanessa.gr\/wp-content\/uploads\/2019\/07\/zakynthos-hotel-reception.jpg\" class=\"sow-slider-background-image\" alt=\"zakynthos hotels, reception, vanessa hotel\" style=\"\" srcset=\"https:\/\/hotelvanessa.gr\/wp-content\/uploads\/2019\/07\/zakynthos-hotel-reception.jpg 1000w, https:\/\/hotelvanessa.gr\/wp-content\/uploads\/2019\/07\/zakynthos-hotel-reception-400x266.jpg 400w, https:\/\/hotelvanessa.gr\/wp-content\/uploads\/2019\/07\/zakynthos-hotel-reception-600x400.jpg 600w, https:\/\/hotelvanessa.gr\/wp-content\/uploads\/2019\/07\/zakynthos-hotel-reception-768x511.jpg 768w, https:\/\/hotelvanessa.gr\/wp-content\/uploads\/2019\/07\/zakynthos-hotel-reception-272x182.jpg 272w\" sizes=\"auto, (max-width: 1000px) 100vw, 1000px\" \/>\t\t<\/li>\n\t\t\t\t<li class=\"sow-slider-image\" style=\"visibility: hidden;\" >\n\t\t\t\t\t\t<img loading=\"lazy\" decoding=\"async\" width=\"1000\" height=\"666\" src=\"https:\/\/hotelvanessa.gr\/wp-content\/uploads\/2019\/07\/zakynthos-hotels-kalamaki-reception-zante-hotels.jpg\" class=\"sow-slider-background-image\" alt=\"\" style=\"\" srcset=\"https:\/\/hotelvanessa.gr\/wp-content\/uploads\/2019\/07\/zakynthos-hotels-kalamaki-reception-zante-hotels.jpg 1000w, https:\/\/hotelvanessa.gr\/wp-content\/uploads\/2019\/07\/zakynthos-hotels-kalamaki-reception-zante-hotels-400x266.jpg 400w, https:\/\/hotelvanessa.gr\/wp-content\/uploads\/2019\/07\/zakynthos-hotels-kalamaki-reception-zante-hotels-600x400.jpg 600w, https:\/\/hotelvanessa.gr\/wp-content\/uploads\/2019\/07\/zakynthos-hotels-kalamaki-reception-zante-hotels-768x511.jpg 768w, https:\/\/hotelvanessa.gr\/wp-content\/uploads\/2019\/07\/zakynthos-hotels-kalamaki-reception-zante-hotels-272x182.jpg 272w\" sizes=\"auto, (max-width: 1000px) 100vw, 1000px\" \/>\t\t<\/li>\n\t\t\t\t<li class=\"sow-slider-image\" style=\"visibility: hidden;\" >\n\t\t\t\t\t\t<img loading=\"lazy\" decoding=\"async\" width=\"1000\" height=\"666\" src=\"https:\/\/hotelvanessa.gr\/wp-content\/uploads\/2019\/08\/SLIDER4.jpg\" class=\"sow-slider-background-image\" alt=\"Zakynthos Hotels, Vanessa Hotel, Vanessa Hotels, Pool Bar Vanessa\" style=\"\" srcset=\"https:\/\/hotelvanessa.gr\/wp-content\/uploads\/2019\/08\/SLIDER4.jpg 1000w, https:\/\/hotelvanessa.gr\/wp-content\/uploads\/2019\/08\/SLIDER4-400x266.jpg 400w, https:\/\/hotelvanessa.gr\/wp-content\/uploads\/2019\/08\/SLIDER4-600x400.jpg 600w, https:\/\/hotelvanessa.gr\/wp-content\/uploads\/2019\/08\/SLIDER4-768x511.jpg 768w, https:\/\/hotelvanessa.gr\/wp-content\/uploads\/2019\/08\/SLIDER4-272x182.jpg 272w\" sizes=\"auto, (max-width: 1000px) 100vw, 1000px\" \/>\t\t<\/li>\n\t\t<\/ul>\t\t\t\t<ol class=\"sow-slider-pagination\">\n\t\t\t\t\t\t\t\t\t\t\t<li><a href=\"#\" data-goto=\"0\" aria-label=\"Display slide 1\"><\/a><\/li>\n\t\t\t\t\t\t\t\t\t\t\t<li><a href=\"#\" data-goto=\"1\" aria-label=\"Display slide 2\"><\/a><\/li>\n\t\t\t\t\t\t\t\t\t\t\t<li><a href=\"#\" data-goto=\"2\" aria-label=\"Display slide 3\"><\/a><\/li>\n\t\t\t\t\t\t\t\t\t\t\t<li><a href=\"#\" data-goto=\"3\" aria-label=\"Display slide 4\"><\/a><\/li>\n\t\t\t\t\t\t\t\t\t\t\t<li><a href=\"#\" data-goto=\"4\" aria-label=\"Display slide 5\"><\/a><\/li>\n\t\t\t\t\t\t\t\t\t\t\t<li><a href=\"#\" data-goto=\"5\" aria-label=\"Display slide 6\"><\/a><\/li>\n\t\t\t\t\t\t\t\t\t\t\t<li><a href=\"#\" data-goto=\"6\" aria-label=\"Display slide 7\"><\/a><\/li>\n\t\t\t\t\t\t\t\t\t\t\t<li><a href=\"#\" data-goto=\"7\" aria-label=\"Display slide 8\"><\/a><\/li>\n\t\t\t\t\t\t\t\t\t\t\t<li><a href=\"#\" data-goto=\"8\" aria-label=\"Display slide 9\"><\/a><\/li>\n\t\t\t\t\t\t\t\t\t<\/ol>\n\n\t\t\t\t<div class=\"sow-slide-nav sow-slide-nav-next\">\n\t\t\t\t\t<a href=\"#\" data-goto=\"next\" aria-label=\"Next slide\" data-action=\"next\">\n\t\t\t\t\t\t<em class=\"sow-sld-icon-thin-right\"><\/em>\n\t\t\t\t\t<\/a>\n\t\t\t\t<\/div>\n\n\t\t\t\t<div class=\"sow-slide-nav sow-slide-nav-prev\">\n\t\t\t\t\t<a href=\"#\" data-goto=\"previous\" aria-label=\"Previous slide\" data-action=\"prev\">\n\t\t\t\t\t\t<em class=\"sow-sld-icon-thin-left\"><\/em>\n\t\t\t\t\t<\/a>\n\t\t\t\t<\/div>\n\t\t\t\t<\/div><\/div><\/div><\/div><\/div><\/div><\/div>","protected":false},"excerpt":{"rendered":"<p>Hotel e Appartamenti VanessaRispetto ad altri Hotel Zante<\/p>\n<p>Il nostro hotel \u00e8 consigliato per i suoi ottimi servizi ed <\/p>\n","protected":false},"author":1,"featured_media":10604,"parent":9598,"menu_order":1,"comment_status":"closed","ping_status":"closed","template":"","meta":{"footnotes":""},"class_list":["post-3626","page","type-page","status-publish","has-post-thumbnail","hentry"],"_links":{"self":[{"href":"https:\/\/hotelvanessa.gr\/it\/wp-json\/wp\/v2\/pages\/3626","targetHints":{"allow":["GET"]}}],"collection":[{"href":"https:\/\/hotelvanessa.gr\/it\/wp-json\/wp\/v2\/pages"}],"about":[{"href":"https:\/\/hotelvanessa.gr\/it\/wp-json\/wp\/v2\/types\/page"}],"author":[{"embeddable":true,"href":"https:\/\/hotelvanessa.gr\/it\/wp-json\/wp\/v2\/users\/1"}],"replies":[{"embeddable":true,"href":"https:\/\/hotelvanessa.gr\/it\/wp-json\/wp\/v2\/comments?post=3626"}],"version-history":[{"count":33,"href":"https:\/\/hotelvanessa.gr\/it\/wp-json\/wp\/v2\/pages\/3626\/revisions"}],"predecessor-version":[{"id":12273,"href":"https:\/\/hotelvanessa.gr\/it\/wp-json\/wp\/v2\/pages\/3626\/revisions\/12273"}],"up":[{"embeddable":true,"href":"https:\/\/hotelvanessa.gr\/it\/wp-json\/wp\/v2\/pages\/9598"}],"wp:featuredmedia":[{"embeddable":true,"href":"https:\/\/hotelvanessa.gr\/it\/wp-json\/wp\/v2\/media\/10604"}],"wp:attachment":[{"href":"https:\/\/hotelvanessa.gr\/it\/wp-json\/wp\/v2\/media?parent=3626"}],"curies":[{"name":"wp","href":"https:\/\/api.w.org\/{rel}","templated":true}]}}