{"id":3868,"date":"2015-08-11T10:35:48","date_gmt":"2015-08-11T08:35:48","guid":{"rendered":"https:\/\/hotelvanessa.gr\/it\/terms-and-conditions\/"},"modified":"2025-08-18T13:31:57","modified_gmt":"2025-08-18T11:31:57","slug":"terms-and-conditions","status":"publish","type":"page","link":"https:\/\/hotelvanessa.gr\/it\/home\/terms-and-conditions\/","title":{"rendered":"Termini e Condizioni"},"content":{"rendered":"<div class=\"entry-content\" style=\"text-align: center;\">\n<p style=\"text-align: center;\"><strong><span id=\"result_box\" class=\"short_text\" lang=\"it\"><span class=\"\">Condizioni di conferma:<\/span><\/span><\/strong><\/p>\n<p><span id=\"result_box\" class=\"\" lang=\"it\"><span class=\"\">Per confermare la prenotazione, l&#8217;ospite deve fornire informazioni valide per la carta di credito (numero della carta, data di scadenza e numero CVC) oppure contattare l&#8217;hotel per altre opzioni.<\/span><br \/>\n<\/span><\/p>\n<p><span id=\"result_box\" class=\"\" lang=\"it\"> <span class=\"\">Verifica che i dettagli della tua prenotazione siano completi e precisi prima di confermare la tua prenotazione.<\/span> <span class=\"\">Non saremo responsabili di eventuali ritardi o non-performance se ci fornisci informazioni errate.<\/span><\/span><\/p>\n<p style=\"text-align: center;\"><strong><span id=\"result_box\" class=\"short_text\" lang=\"it\"><span class=\"\">Politica di cancellazione<\/span><\/span><\/strong><\/p>\n<p style=\"text-align: center;\"><strong><span id=\"result_box\" class=\"short_text\" lang=\"it\"><span class=\"\">Tariffe standard prenotazioni<\/span><\/span><\/strong><br \/>\n<span id=\"result_box\" class=\"\" lang=\"it\"><span class=\"\">Le cancellazioni effettuate fino a 7 giorni prima della data prevista di arrivo non comportano alcun costo.<\/span><br \/>\nPer modificare la prenotazione, contattate l&#8217;hotel per far sapere se \u00e8 possibile e se ci sono costi aggiuntivi.<br \/>\nSe la cancellazione viene effettuata meno di 7 giorni prima della data di arrivo, gli ospiti saranno addebitati al 50% del costo totale della prenotazione.<\/span><\/p>\n<p style=\"text-align: center;\"><strong><span id=\"result_box\" class=\"short_text\" lang=\"it\"><span class=\"\">Prenotazione Non Rimborsabile<\/span><\/span><\/strong><br \/>\n<span id=\"result_box\" class=\"\" lang=\"it\"><span class=\"\">Se effettiate una prenotazione non rimborsabile riceverai uno sconto del 10% sulle nostre tariffe standard.<\/span><br \/>\n<span class=\"\">Prenotazione Non Rimborsabile significa che l&#8217;intero importo della prenotazione verr\u00e0 addebitato al momento della conferma della prenotazione.<\/span><br \/>\n<span class=\"\">Se vengono cancellati, modificati o in caso di mancata presentazione, verr\u00e0 addebitato il costo totale della prenotazione.<\/span><\/span><\/p>\n<hr \/>\n<p style=\"text-align: center;\"><strong><span id=\"result_box\" class=\"short_text\" lang=\"it\"><span class=\"\">Maggiori informazioni:<\/span><\/span><\/strong><\/p>\n<p><span id=\"result_box\" class=\"\" lang=\"it\"><span class=\"\">Per la migliore tariffa ti consigliamo di effettuare la prenotazione non appena possibile.<\/span><br \/>\n<span class=\"\">I prezzi sono indicativi e possono essere soggetti a variazioni in base alla disponibilit\u00e0.<\/span><\/span><\/p>\n<p><span id=\"result_box\" class=\"\" lang=\"it\"><span class=\"\">Se hai una carta di credito puoi prenotare usando il nostro sistema di prenotazione <a href=\"https:\/\/2861.staygrid.com\/webreservation\/index\/index\/hidHotelIdWebOut\/QV5TX0ZSczM0XzI4NjFfRjV0ZXI5MDg3c18pZGhmX2RydGVyN18yODYxX2hnZmhfZ15kODU0\/hidLanguageId\/1\/\">ONLINE<\/a>.<\/span><\/span><\/p>\n<p><span id=\"result_box\" class=\"\" lang=\"it\"><span class=\"\">Se non hai una carta di credito o non vuoi utilizzare una carta di credito o il nostro sistema ONLINE non dispone di stanze disponibili, per favore, <a href=\"https:\/\/hotelvanessa.gr\/it\/contact-us\">Contattaci Direttamente<\/a> e saremo lieti di informarti sulla disponibilit\u00e0 e le condizioni di alloggio<\/span> <span class=\"\">.<\/span><\/span><\/p>\n<p><span id=\"result_box\" class=\"\" lang=\"it\"><span class=\"\">Nell&#8217;hotel non sono ammessi incontri e feste di qualsiasi natura.<\/span> <span class=\"\">Eventuali ospiti aggiuntivi portati in camera comporteranno un costo addizionale alla vostra camera, altrimenti l&#8217;hotel si riserva il diritto di evadere eventuali occupanti aggiuntivi in camera.<\/span><\/span><\/p>\n<div class=\"pw-hidden-cp\" style=\"text-align: center;\">\n<p><span id=\"result_box\" class=\"\" lang=\"it\"><span class=\"\">L&#8217;Hotel non \u00e8 responsabile per eventuali perdite, danni, costi o spese sostenuti da Lei a causa della cancellazione della prenotazione da parte dell&#8217;Hotel.<\/span><\/span><\/p>\n<\/div>\n<hr \/>\n<p style=\"text-align: center;\"><strong><span id=\"result_box\" class=\"short_text\" lang=\"it\"><span class=\"\">Pianificazione della pulizia:<\/span><\/span><br \/>\n<\/strong><\/p>\n<p style=\"text-align: center;\"><span id=\"result_box\" class=\"\" lang=\"it\"><span class=\"\">Poich\u00e9 la maggior parte dei nostri ospiti soggiornano in albergo per lunghi periodi di tempo le nostre camere vengono pulite ogni 2 giorni.<\/span> <span class=\"\">Se preferite o richiedete una pulizia pi\u00f9 frequente, non esitate a contattare la nostra receptionist e saremo lieti di accogliere la vostra richiesta.<\/span><\/span><\/p>\n<hr \/>\n<div class=\"pw-hidden-cp\" style=\"text-align: center;\"><strong><span id=\"result_box\" class=\"short_text\" lang=\"it\"><span class=\"\">Orari di Checkin e Checkout:<\/span><\/span><\/strong><\/div>\n<div class=\"pw-hidden-cp\" style=\"text-align: center;\"><span id=\"result_box\" class=\"\" lang=\"it\"><span class=\"\">Il check-in \u00e8 dalle 15:00 e il check-out \u00e8 di 11:00.<\/span><\/span><br \/>\n<span id=\"result_box\" class=\"\" lang=\"it\"><span class=\"\">Al momento del check-in \u00e8 richiesto un documento d&#8217;identit\u00e0 o un passaporto valido.<\/span><\/span><\/div>\n<div class=\"pw-hidden-cp\" style=\"text-align: center;\">\n<div class=\"pw-hidden-cp\"><strong><span id=\"result_box\" class=\"short_text\" lang=\"it\"><span class=\"\">Arrivo in anticipo e partenza in ritardo:<\/span><\/span><\/strong><\/div>\n<div class=\"pw-hidden-cp\"><span id=\"result_box\" class=\"\" lang=\"it\">Se arrivi in hotel prima del normale orario di check-in, ti consigliamo di accedere alla reception dell&#8217;hotel per assistenza nella conservazione dei bagagli fino al momento del check-in. <span class=\"\">Se arrivi presto, ti consigliamo anche di prendere in considerazione la prenotazione per la sera prima del tuo arrivo.<\/span><\/span><br \/>\n<span id=\"result_box\" class=\"\" lang=\"it\"><span class=\"\">I check-out tardivi sono disponibili su richiesta a seconda della disponibilit\u00e0 della stanza e del livello di occupazione.<\/span><\/span><br \/>\n<span id=\"result_box\" class=\"\" lang=\"it\">Si prega di controllare presso la reception dell&#8217;hotel almeno 24 ore prima della partenza per la disponibilit\u00e0 del check-out tardivo.<\/span><\/div>\n<div class=\"pw-hidden-cp\">\n<hr \/>\n<\/div>\n<div class=\"pw-hidden-cp\"><strong><span id=\"result_box\" class=\"short_text\" lang=\"it\"><span class=\"\">Cassetta di sicurezza:<\/span><\/span><br \/>\n<\/strong><\/div>\n<div class=\"pw-hidden-cp\"><\/div>\n<\/div>\n<div class=\"pw-hidden-cp\" style=\"text-align: center;\"><span id=\"result_box\" class=\"\" lang=\"it\">C&#8217;\u00e8 una cassaforte in tutte le nostre camere. Questa cassaforte \u00e8 inclusa nella tariffa. Ti verr\u00e0 dato un codice per la tua cassaforte all&#8217;arrivo, puoi cambiare questo codice in qualsiasi momento che la nostra receptionist sar\u00e0 lieta di mostrarvi. La vostra responsabilit\u00e0 \u00e8 di assicurarsi che la porta di sicurezza sia chiusa correttamente, nel caso in cui gli oggetti provenienti dalla cassaforte siano mancanti, l&#8217;hotel non sar\u00e0 ritenuto responsabile. <span class=\"\">Detto questo non \u00e8 mai stato un problema in passato, il nostro hotel e Kalamaki in generale sono molto sicuri.<\/span><\/span><\/div>\n<div class=\"pw-hidden-cp\" style=\"text-align: center;\">\n<hr \/>\n<\/div>\n<div class=\"pw-hidden-cp\" style=\"text-align: center;\"><strong><span id=\"result_box\" class=\"short_text\" lang=\"it\"><span class=\"\">Danni e disturbi:<\/span><\/span><br \/>\n<\/strong><\/div>\n<p><span id=\"result_box\" class=\"\" lang=\"it\"><span class=\"\">La vostra responsabilit\u00e0: Se tu o un membro della tua prenotazione provocate danni o perdite di qualsiasi tipo a noi o ad altri clienti, sarai responsabile di tale danno o perdita e tu come persona che ha effettuato la prenotazione sarai tenuto a pagare i costi<\/span><span class=\"\">.<\/span><\/span><\/p>\n<p><span id=\"result_box\" class=\"\" lang=\"it\"><span class=\"\">Non deve causare disturbi a nessun altro cliente o il nostro personale, inclusi ma non limitati a disturbi del rumore.<\/span><\/span><\/p>\n<div class=\"pw-hidden-cp\" style=\"text-align: center;\">\n<hr \/>\n<\/div>\n<div class=\"pw-hidden-cp\">\n<div class=\"pw-hidden-cp\" style=\"text-align: center;\"><strong><span id=\"result_box\" class=\"short_text\" lang=\"it\"><span class=\"\">Disposizioni generali:<\/span><\/span><\/strong><br \/>\n<span id=\"result_box\" class=\"\" lang=\"it\"><span class=\"\">Procedendo con la prenotazione, accetti inoltre e confermi che, se la prenotazione \u00e8 accettata dall&#8217;Hotel, il vostro soggiorno sar\u00e0 successivamente soggetto alle condizioni standard dell&#8217;hotel.<\/span><\/span><br \/>\n<span id=\"result_box\" class=\"\" lang=\"it\"><span class=\"\">L&#8217;Hotel pu\u00f2, a propria discrezione, annullare la prenotazione se l&#8217;Albergo \u00e8 del parere che le informazioni di prenotazione fornite siano falsificate o incomplete.<\/span><\/span><br \/>\n<span id=\"result_box\" class=\"\" lang=\"it\"><span class=\"\">L&#8217;Hotel ha il diritto di modificare in qualsiasi momento questi termini e condizioni senza preavviso.<\/span><\/span><\/div>\n<\/div>\n<\/div>\n","protected":false},"excerpt":{"rendered":"<p>\nCondizioni di conferma:<br \/>\nPer confermare la prenotazione, l&#8217;ospite deve fornire informazioni valide per la carta di credito (numero della <\/p>\n","protected":false},"author":1,"featured_media":10597,"parent":9598,"menu_order":4,"comment_status":"closed","ping_status":"closed","template":"","meta":{"footnotes":""},"class_list":["post-3868","page","type-page","status-publish","has-post-thumbnail","hentry"],"_links":{"self":[{"href":"https:\/\/hotelvanessa.gr\/it\/wp-json\/wp\/v2\/pages\/3868","targetHints":{"allow":["GET"]}}],"collection":[{"href":"https:\/\/hotelvanessa.gr\/it\/wp-json\/wp\/v2\/pages"}],"about":[{"href":"https:\/\/hotelvanessa.gr\/it\/wp-json\/wp\/v2\/types\/page"}],"author":[{"embeddable":true,"href":"https:\/\/hotelvanessa.gr\/it\/wp-json\/wp\/v2\/users\/1"}],"replies":[{"embeddable":true,"href":"https:\/\/hotelvanessa.gr\/it\/wp-json\/wp\/v2\/comments?post=3868"}],"version-history":[{"count":6,"href":"https:\/\/hotelvanessa.gr\/it\/wp-json\/wp\/v2\/pages\/3868\/revisions"}],"predecessor-version":[{"id":12347,"href":"https:\/\/hotelvanessa.gr\/it\/wp-json\/wp\/v2\/pages\/3868\/revisions\/12347"}],"up":[{"embeddable":true,"href":"https:\/\/hotelvanessa.gr\/it\/wp-json\/wp\/v2\/pages\/9598"}],"wp:featuredmedia":[{"embeddable":true,"href":"https:\/\/hotelvanessa.gr\/it\/wp-json\/wp\/v2\/media\/10597"}],"wp:attachment":[{"href":"https:\/\/hotelvanessa.gr\/it\/wp-json\/wp\/v2\/media?parent=3868"}],"curies":[{"name":"wp","href":"https:\/\/api.w.org\/{rel}","templated":true}]}}