{"id":3894,"date":"2017-09-22T19:54:29","date_gmt":"2017-09-22T19:54:29","guid":{"rendered":"https:\/\/hotelvanessa.gr\/it\/shipwreck-beach\/"},"modified":"2024-08-27T21:07:31","modified_gmt":"2024-08-27T19:07:31","slug":"shipwreck-beach","status":"publish","type":"page","link":"https:\/\/hotelvanessa.gr\/it\/information\/zakynthos-island\/shipwreck-beach\/","title":{"rendered":"Spiaggia Del Relitto"},"content":{"rendered":"<h1 class=\"widget-title\" style=\"text-align: center;\">Relitto<\/h1>\n<h3 style=\"text-align: center;\">Caro visitatore,<\/h3>\n<h3 style=\"text-align: center;\">Dopo aver preso la decisione di visitare la nostra bellissima isola, devi fare una nuotata e nuotare nelle acque blu di questa spiaggia. Il suo nome: Relitto (Navagio) !!!<\/h3>\n<p style=\"text-align: center;\">Il &#8220;relitto&#8221; \u00e8 uno dei posti pi\u00f9 belli dell&#8217;isola e pu\u00f2 essere descritto come una delle spiagge pi\u00f9 belle e famose del mondo! La bellezza di questo paesaggio pu\u00f2 incantarti e la tranquillit\u00e0 che senti mentre ti tuffi nelle acque blu di questa spiaggia \u00e8 indescrivibile. Acque limpide, sabbia bianca, incredibili rocce scoscese e la mezza luna nella sabbia di una nave creano un ambiente fantastico.<\/p>\n<p style=\"text-align: center;\">Come si pu\u00f2 capire, il suo nome deriva da un naufragio, da una nave che, a causa delle avverse condizioni meteorologiche e di un motore danneggiato, si ritrov\u00f2 fuori rotta e di conseguenza precipit\u00f2 sugli scogli del lato nord-occidentale di Zante.<\/p>\n<p style=\"text-align: center;\">La sua storia inizi\u00f2 il 30 settembre 1982, quando la nave commerciale &#8220;Panagiotis&#8221; che trasportava contrabbando e sigarette illegali fu portata a riva nel luogo ormai pi\u00f9 famoso. Si sostiene che questa nave appartenesse a un Kefallonite e il suo capitano era Charalambos Kobothekras \u2013 Kotsoros. La nave &#8220;Panagiotis&#8221; riceveva sigarette illegali dai porti di Turchia, Jugoslavia e Albania, caricandole su altre navi veloci dirette alla vicina Italia. Il carico illegale di sigarette era ogni volta accompagnato da due contrabbandieri italiani &#8211; incaricati di supervisionare la consegna -, dal capitano di Cefalonia e anche dall&#8217;equipaggio di Cefalonia.<\/p>\n<p style=\"text-align: center;\">Cos\u00ec quel giorno il capitano e l&#8217;equipaggio pensarono di vendere per proprio conto queste sigarette illegali e di chiudere in una cabina i contrabbandieri italiani. Dopo aver &#8220;imprigionato&#8221; gli italiani, portarono la nave nel luogo specifico dove fino a prima di questo evento la costa si chiamava Agios Georgios. Come accennato, a causa delle avverse condizioni meteorologiche, il capitano e l&#8217;equipaggio non sono riusciti a portare a termine il loro compito e hanno quindi deciso di scaricare la nave nel caso in cui la nave si staccasse da terra. Ma le cose si facevano difficili per loro e le scatole di sigarette illegali cominciavano a finire in mare. Decisero allora di liberare gli italiani e di abbandonare la nave risalendo il ripido pendio.<\/p>\n<p style=\"text-align: center;\">Con il passare del tempo gli abitanti di Zante iniziarono a preoccuparsi per il disastro ambientale che quella particolare nave avrebbe creato con il suo carico, e ancor di pi\u00f9 per il turismo. Ma chi poteva immaginare che questo relitto avrebbe portato alla creazione di una delle spiagge pi\u00f9 belle e famose del mondo.<\/p>\n<p style=\"text-align: center;\">Alla fine la nave fu saccheggiata dagli abitanti di Zante che la trasformarono in una foglia e una piuma. I contrabbandieri italiani furono deportati in patria.<\/p>\n<p style=\"text-align: center;\">Vale la pena visitare questo posto e non ti pentirai di aver goduto di questo bellissimo spettacolo.<\/p>\n<p style=\"text-align: center;\">Hai due opzioni per arrivarci, o lo ammirerai dall&#8217;alto semplicemente prendendo la tua auto o la tua moto oppure prenderai una delle varie barche l\u00ec accessibili godendoti il \u200b\u200bgiro e il tuo tuffo!<\/p>\n<p style=\"text-align: center;\">Decidi tu&#8230;<\/p>\n<p style=\"text-align: center;\">Ti ricorderai di noi&#8230;<\/p>\n","protected":false},"excerpt":{"rendered":"<p>Relitto<br \/>\nCaro visitatore,<br \/>\nDopo aver preso la decisione di visitare la nostra bellissima isola, devi fare una nuotata e nuotare <\/p>\n","protected":false},"author":1,"featured_media":0,"parent":3834,"menu_order":1,"comment_status":"closed","ping_status":"closed","template":"","meta":{"footnotes":""},"class_list":["post-3894","page","type-page","status-publish","hentry"],"_links":{"self":[{"href":"https:\/\/hotelvanessa.gr\/it\/wp-json\/wp\/v2\/pages\/3894","targetHints":{"allow":["GET"]}}],"collection":[{"href":"https:\/\/hotelvanessa.gr\/it\/wp-json\/wp\/v2\/pages"}],"about":[{"href":"https:\/\/hotelvanessa.gr\/it\/wp-json\/wp\/v2\/types\/page"}],"author":[{"embeddable":true,"href":"https:\/\/hotelvanessa.gr\/it\/wp-json\/wp\/v2\/users\/1"}],"replies":[{"embeddable":true,"href":"https:\/\/hotelvanessa.gr\/it\/wp-json\/wp\/v2\/comments?post=3894"}],"version-history":[{"count":7,"href":"https:\/\/hotelvanessa.gr\/it\/wp-json\/wp\/v2\/pages\/3894\/revisions"}],"predecessor-version":[{"id":12127,"href":"https:\/\/hotelvanessa.gr\/it\/wp-json\/wp\/v2\/pages\/3894\/revisions\/12127"}],"up":[{"embeddable":true,"href":"https:\/\/hotelvanessa.gr\/it\/wp-json\/wp\/v2\/pages\/3834"}],"wp:attachment":[{"href":"https:\/\/hotelvanessa.gr\/it\/wp-json\/wp\/v2\/media?parent=3894"}],"curies":[{"name":"wp","href":"https:\/\/api.w.org\/{rel}","templated":true}]}}