{"id":4016,"date":"2017-09-23T02:32:42","date_gmt":"2017-09-23T02:32:42","guid":{"rendered":"https:\/\/hotelvanessa.gr\/it\/blue-caves\/"},"modified":"2024-08-27T21:13:22","modified_gmt":"2024-08-27T19:13:22","slug":"blue-caves","status":"publish","type":"page","link":"https:\/\/hotelvanessa.gr\/it\/information\/zakynthos-island\/blue-caves\/","title":{"rendered":"Grotte Blu"},"content":{"rendered":"\r\n<h1 style=\"text-align: center;\">Caro visitatore<\/h1>\r\n\r\n\r\n\r\n<h3 style=\"text-align: center;\">Uno dei luoghi pi\u00f9 famosi e belli della nostra isola sono le &#8220;grotte blu&#8221;, scoperte durante il 1897 e situate. Le grotte blu si trovano nel punto pi\u00f9 a nord dell&#8217;isola al promontorio di Skinari, nell&#8217;area della roccia bianca.<\/h3>\r\n\r\n\r\n\r\n<p style=\"text-align: center;\">Prendono il loro nome dagli speciali riflessi nell&#8217;acqua e lungo la costa c&#8217;\u00e8 una fila di grotte che portano a Makri Gialo e alla Grande Grotta. La grotta pi\u00f9 grande \u00e8 chiamata Grotta di Cianos con cupole, archi e disegni che la mano dell&#8217;uomo non pu\u00f2 realizzare.<\/p>\r\n\r\n\r\n\r\n<p style=\"text-align: center;\">In uno dei giorni di vacanza puoi scegliere di noleggiare una piccola barca, che puoi prendere da varie parti dell&#8217;isola come la spiaggia di Makris Gialos, il porto di Agios Nikolaos o attraverso un giro in barca organizzato che sono disponibili su base giornaliera su un grande barca con altre persone. Ti consigliamo di scegliere una piccola barca per entrare nelle varie grotte e vedere le colorate stalattiti che pendono dalla cima delle rocce, e se ti senti audace puoi nuotare nelle gelide acque della parte settentrionale della nostra isola godendo di un&#8217; Esperienza unica.<\/p>\r\n\r\n\r\n\r\n<p style=\"text-align: center;\">Durante le ore del mattino noterai i riflessi creati sulle pareti rocciose dalla luce del sole e il colore blu fa cambiare il fondo dell&#8217;oceano.<\/p>\r\n\r\n\r\n\r\n<p style=\"text-align: center;\">Le grotte blu combinano una bellezza selvaggia e serena, vedrai le rocce aspre da un lato e dall&#8217;altra godrai le tranquille acque blu. Rocce brusche, con una bellezza pittoresca e distinta, che solo la natura sa come creare.<\/p>\r\n\r\n\r\n\r\n<p style=\"text-align: center;\">Vale la pena visitare questo posto<\/p>\r\n","protected":false},"excerpt":{"rendered":"<p>\nCaro visitatore<\/p>\n<p>Uno dei luoghi pi\u00f9 famosi e belli della nostra isola sono le &#8220;grotte blu&#8221;, <\/p>\n","protected":false},"author":1,"featured_media":0,"parent":3834,"menu_order":2,"comment_status":"closed","ping_status":"closed","template":"","meta":{"footnotes":""},"class_list":["post-4016","page","type-page","status-publish","hentry"],"_links":{"self":[{"href":"https:\/\/hotelvanessa.gr\/it\/wp-json\/wp\/v2\/pages\/4016","targetHints":{"allow":["GET"]}}],"collection":[{"href":"https:\/\/hotelvanessa.gr\/it\/wp-json\/wp\/v2\/pages"}],"about":[{"href":"https:\/\/hotelvanessa.gr\/it\/wp-json\/wp\/v2\/types\/page"}],"author":[{"embeddable":true,"href":"https:\/\/hotelvanessa.gr\/it\/wp-json\/wp\/v2\/users\/1"}],"replies":[{"embeddable":true,"href":"https:\/\/hotelvanessa.gr\/it\/wp-json\/wp\/v2\/comments?post=4016"}],"version-history":[{"count":6,"href":"https:\/\/hotelvanessa.gr\/it\/wp-json\/wp\/v2\/pages\/4016\/revisions"}],"predecessor-version":[{"id":12129,"href":"https:\/\/hotelvanessa.gr\/it\/wp-json\/wp\/v2\/pages\/4016\/revisions\/12129"}],"up":[{"embeddable":true,"href":"https:\/\/hotelvanessa.gr\/it\/wp-json\/wp\/v2\/pages\/3834"}],"wp:attachment":[{"href":"https:\/\/hotelvanessa.gr\/it\/wp-json\/wp\/v2\/media?parent=4016"}],"curies":[{"name":"wp","href":"https:\/\/api.w.org\/{rel}","templated":true}]}}