{"id":5707,"date":"2017-10-14T20:28:59","date_gmt":"2017-10-14T20:28:59","guid":{"rendered":"https:\/\/hotelvanessa.gr\/it\/room\/studio\/"},"modified":"2025-08-25T17:25:13","modified_gmt":"2025-08-25T15:25:13","slug":"studio","status":"publish","type":"page","link":"https:\/\/hotelvanessa.gr\/it\/room\/studio\/","title":{"rendered":"Camera"},"content":{"rendered":"<div id=\"pl-5707\"  class=\"panel-layout\" ><div id=\"pg-5707-0\"  class=\"panel-grid panel-no-style\" ><div id=\"pgc-5707-0-0\"  class=\"panel-grid-cell\" ><div id=\"panel-5707-0-0-0\" class=\"so-panel widget widget_sow-slider panel-first-child panel-last-child\" data-index=\"0\" ><div\n\t\t\t\n\t\t\tclass=\"so-widget-sow-slider so-widget-sow-slider-default-ccbb36c77057-5707\"\n\t\t\t\n\t\t>\t\t\t\t<div class=\"sow-slider-base\" style=\"display: none\" tabindex=\"0\">\n\t\t\t\t\t<ul\n\t\t\t\t\tclass=\"sow-slider-images\"\n\t\t\t\t\tdata-settings=\"{&quot;pagination&quot;:true,&quot;speed&quot;:800,&quot;timeout&quot;:3000,&quot;paused&quot;:false,&quot;pause_on_hover&quot;:false,&quot;swipe&quot;:true,&quot;nav_always_show_desktop&quot;:&quot;&quot;,&quot;nav_always_show_mobile&quot;:&quot;&quot;,&quot;breakpoint&quot;:&quot;780px&quot;,&quot;unmute&quot;:false,&quot;anchor&quot;:null}\"\n\t\t\t\t\t\t\t\t\t\tdata-anchor-id=\"\"\n\t\t\t\t>\t\t<li class=\"sow-slider-image\" style=\"visibility: visible;\" >\n\t\t\t\t\t\t<img loading=\"lazy\" decoding=\"async\" width=\"1000\" height=\"666\" src=\"https:\/\/hotelvanessa.gr\/wp-content\/uploads\/2019\/07\/HOTELS_IN_ZAKYNTHOS-82.jpg\" class=\"sow-slider-background-image\" alt=\"\" style=\"\" srcset=\"https:\/\/hotelvanessa.gr\/wp-content\/uploads\/2019\/07\/HOTELS_IN_ZAKYNTHOS-82.jpg 1000w, https:\/\/hotelvanessa.gr\/wp-content\/uploads\/2019\/07\/HOTELS_IN_ZAKYNTHOS-82-400x266.jpg 400w, https:\/\/hotelvanessa.gr\/wp-content\/uploads\/2019\/07\/HOTELS_IN_ZAKYNTHOS-82-600x400.jpg 600w, https:\/\/hotelvanessa.gr\/wp-content\/uploads\/2019\/07\/HOTELS_IN_ZAKYNTHOS-82-768x511.jpg 768w, https:\/\/hotelvanessa.gr\/wp-content\/uploads\/2019\/07\/HOTELS_IN_ZAKYNTHOS-82-272x182.jpg 272w\" sizes=\"auto, (max-width: 1000px) 100vw, 1000px\" \/>\t\t<\/li>\n\t\t\t\t<li class=\"sow-slider-image\" style=\"visibility: hidden;\" >\n\t\t\t\t\t\t<img loading=\"lazy\" decoding=\"async\" width=\"1000\" height=\"666\" src=\"https:\/\/hotelvanessa.gr\/wp-content\/uploads\/2019\/07\/HOTELS_IN_ZAKYNTHOS-78.jpg\" class=\"sow-slider-background-image\" alt=\"Vanessa Hotel, Zante Zakynthos Hotels, Zante Hotels\" style=\"\" srcset=\"https:\/\/hotelvanessa.gr\/wp-content\/uploads\/2019\/07\/HOTELS_IN_ZAKYNTHOS-78.jpg 1000w, https:\/\/hotelvanessa.gr\/wp-content\/uploads\/2019\/07\/HOTELS_IN_ZAKYNTHOS-78-400x266.jpg 400w, https:\/\/hotelvanessa.gr\/wp-content\/uploads\/2019\/07\/HOTELS_IN_ZAKYNTHOS-78-600x400.jpg 600w, https:\/\/hotelvanessa.gr\/wp-content\/uploads\/2019\/07\/HOTELS_IN_ZAKYNTHOS-78-768x511.jpg 768w, https:\/\/hotelvanessa.gr\/wp-content\/uploads\/2019\/07\/HOTELS_IN_ZAKYNTHOS-78-272x182.jpg 272w\" sizes=\"auto, (max-width: 1000px) 100vw, 1000px\" \/>\t\t<\/li>\n\t\t\t\t<li class=\"sow-slider-image\" style=\"visibility: hidden;\" >\n\t\t\t\t\t\t\t\t<\/li>\n\t\t\t\t<li class=\"sow-slider-image\" style=\"visibility: hidden;\" >\n\t\t\t\t\t\t\t\t<\/li>\n\t\t\t\t<li class=\"sow-slider-image\" style=\"visibility: hidden;\" >\n\t\t\t\t\t\t<img loading=\"lazy\" decoding=\"async\" width=\"1000\" height=\"666\" src=\"https:\/\/hotelvanessa.gr\/wp-content\/uploads\/2019\/07\/STUDIOS-ZAKYNTHOS-HOTELS-IN-ZANTE.jpg\" class=\"sow-slider-background-image\" alt=\"\" style=\"\" srcset=\"https:\/\/hotelvanessa.gr\/wp-content\/uploads\/2019\/07\/STUDIOS-ZAKYNTHOS-HOTELS-IN-ZANTE.jpg 1000w, https:\/\/hotelvanessa.gr\/wp-content\/uploads\/2019\/07\/STUDIOS-ZAKYNTHOS-HOTELS-IN-ZANTE-400x266.jpg 400w, https:\/\/hotelvanessa.gr\/wp-content\/uploads\/2019\/07\/STUDIOS-ZAKYNTHOS-HOTELS-IN-ZANTE-600x400.jpg 600w, https:\/\/hotelvanessa.gr\/wp-content\/uploads\/2019\/07\/STUDIOS-ZAKYNTHOS-HOTELS-IN-ZANTE-768x511.jpg 768w, https:\/\/hotelvanessa.gr\/wp-content\/uploads\/2019\/07\/STUDIOS-ZAKYNTHOS-HOTELS-IN-ZANTE-272x182.jpg 272w\" sizes=\"auto, (max-width: 1000px) 100vw, 1000px\" \/>\t\t<\/li>\n\t\t\t\t<li class=\"sow-slider-image\" style=\"visibility: hidden;\" >\n\t\t\t\t\t\t<img loading=\"lazy\" decoding=\"async\" width=\"1000\" height=\"666\" src=\"https:\/\/hotelvanessa.gr\/wp-content\/uploads\/2019\/07\/HOTELS-ZANTE-HOTELS.jpg\" class=\"sow-slider-background-image\" alt=\"\" style=\"\" srcset=\"https:\/\/hotelvanessa.gr\/wp-content\/uploads\/2019\/07\/HOTELS-ZANTE-HOTELS.jpg 1000w, https:\/\/hotelvanessa.gr\/wp-content\/uploads\/2019\/07\/HOTELS-ZANTE-HOTELS-400x266.jpg 400w, https:\/\/hotelvanessa.gr\/wp-content\/uploads\/2019\/07\/HOTELS-ZANTE-HOTELS-600x400.jpg 600w, https:\/\/hotelvanessa.gr\/wp-content\/uploads\/2019\/07\/HOTELS-ZANTE-HOTELS-768x511.jpg 768w, https:\/\/hotelvanessa.gr\/wp-content\/uploads\/2019\/07\/HOTELS-ZANTE-HOTELS-272x182.jpg 272w\" sizes=\"auto, (max-width: 1000px) 100vw, 1000px\" \/>\t\t<\/li>\n\t\t\t\t<li class=\"sow-slider-image\" style=\"visibility: hidden;\" >\n\t\t\t\t\t\t<img loading=\"lazy\" decoding=\"async\" width=\"1000\" height=\"666\" src=\"https:\/\/hotelvanessa.gr\/wp-content\/uploads\/2019\/07\/HOTELS-ZAKYNTHOS-ZANTE.jpg\" class=\"sow-slider-background-image\" alt=\"\" style=\"\" srcset=\"https:\/\/hotelvanessa.gr\/wp-content\/uploads\/2019\/07\/HOTELS-ZAKYNTHOS-ZANTE.jpg 1000w, https:\/\/hotelvanessa.gr\/wp-content\/uploads\/2019\/07\/HOTELS-ZAKYNTHOS-ZANTE-400x266.jpg 400w, https:\/\/hotelvanessa.gr\/wp-content\/uploads\/2019\/07\/HOTELS-ZAKYNTHOS-ZANTE-600x400.jpg 600w, https:\/\/hotelvanessa.gr\/wp-content\/uploads\/2019\/07\/HOTELS-ZAKYNTHOS-ZANTE-768x511.jpg 768w, https:\/\/hotelvanessa.gr\/wp-content\/uploads\/2019\/07\/HOTELS-ZAKYNTHOS-ZANTE-272x182.jpg 272w\" sizes=\"auto, (max-width: 1000px) 100vw, 1000px\" \/>\t\t<\/li>\n\t\t\t\t<li class=\"sow-slider-image\" style=\"visibility: hidden;\" >\n\t\t\t\t\t\t<img loading=\"lazy\" decoding=\"async\" width=\"1000\" height=\"666\" src=\"https:\/\/hotelvanessa.gr\/wp-content\/uploads\/2019\/07\/ZAKYNTHOS-HOTEL-IN-ZANTE.jpg\" class=\"sow-slider-background-image\" alt=\"\" style=\"\" srcset=\"https:\/\/hotelvanessa.gr\/wp-content\/uploads\/2019\/07\/ZAKYNTHOS-HOTEL-IN-ZANTE.jpg 1000w, https:\/\/hotelvanessa.gr\/wp-content\/uploads\/2019\/07\/ZAKYNTHOS-HOTEL-IN-ZANTE-400x266.jpg 400w, https:\/\/hotelvanessa.gr\/wp-content\/uploads\/2019\/07\/ZAKYNTHOS-HOTEL-IN-ZANTE-600x400.jpg 600w, https:\/\/hotelvanessa.gr\/wp-content\/uploads\/2019\/07\/ZAKYNTHOS-HOTEL-IN-ZANTE-768x511.jpg 768w, https:\/\/hotelvanessa.gr\/wp-content\/uploads\/2019\/07\/ZAKYNTHOS-HOTEL-IN-ZANTE-272x182.jpg 272w\" sizes=\"auto, (max-width: 1000px) 100vw, 1000px\" \/>\t\t<\/li>\n\t\t<\/ul>\t\t\t\t<ol class=\"sow-slider-pagination\">\n\t\t\t\t\t\t\t\t\t\t\t<li><a href=\"#\" data-goto=\"0\" aria-label=\"Display slide 1\"><\/a><\/li>\n\t\t\t\t\t\t\t\t\t\t\t<li><a href=\"#\" data-goto=\"1\" aria-label=\"Display slide 2\"><\/a><\/li>\n\t\t\t\t\t\t\t\t\t\t\t<li><a href=\"#\" data-goto=\"2\" aria-label=\"Display slide 3\"><\/a><\/li>\n\t\t\t\t\t\t\t\t\t\t\t<li><a href=\"#\" data-goto=\"3\" aria-label=\"Display slide 4\"><\/a><\/li>\n\t\t\t\t\t\t\t\t\t\t\t<li><a href=\"#\" data-goto=\"4\" aria-label=\"Display slide 5\"><\/a><\/li>\n\t\t\t\t\t\t\t\t\t\t\t<li><a href=\"#\" data-goto=\"5\" aria-label=\"Display slide 6\"><\/a><\/li>\n\t\t\t\t\t\t\t\t\t\t\t<li><a href=\"#\" data-goto=\"6\" aria-label=\"Display slide 7\"><\/a><\/li>\n\t\t\t\t\t\t\t\t\t\t\t<li><a href=\"#\" data-goto=\"7\" aria-label=\"Display slide 8\"><\/a><\/li>\n\t\t\t\t\t\t\t\t\t<\/ol>\n\n\t\t\t\t<div class=\"sow-slide-nav sow-slide-nav-next\">\n\t\t\t\t\t<a href=\"#\" data-goto=\"next\" aria-label=\"Next slide\" data-action=\"next\">\n\t\t\t\t\t\t<em class=\"sow-sld-icon-ultra-thin-rounded-right\"><\/em>\n\t\t\t\t\t<\/a>\n\t\t\t\t<\/div>\n\n\t\t\t\t<div class=\"sow-slide-nav sow-slide-nav-prev\">\n\t\t\t\t\t<a href=\"#\" data-goto=\"previous\" aria-label=\"Previous slide\" data-action=\"prev\">\n\t\t\t\t\t\t<em class=\"sow-sld-icon-ultra-thin-rounded-left\"><\/em>\n\t\t\t\t\t<\/a>\n\t\t\t\t<\/div>\n\t\t\t\t<\/div><\/div><\/div><\/div><\/div><div id=\"pg-5707-1\"  class=\"panel-grid panel-no-style\" ><div id=\"pgc-5707-1-0\"  class=\"panel-grid-cell\" ><div id=\"panel-5707-1-0-0\" class=\"so-panel widget widget_sow-editor panel-first-child panel-last-child\" data-index=\"1\" ><div\n\t\t\t\n\t\t\tclass=\"so-widget-sow-editor so-widget-sow-editor-base\"\n\t\t\t\n\t\t>\n<div class=\"siteorigin-widget-tinymce textwidget\">\n\t<p><b class=\"thim-color-title\">Letti Matrimoniali : 1 letto matrimoniale<\/b><br \/>\n<b class=\"thim-color-title\">Letti Singoli : 1 letto singolo<\/b><br \/>\n<b class=\"thim-color-title\">Occupazione : Da 1 a 3 adulti<\/b><br \/>\n<b class=\"thim-color-title\">Ubicazione : Dal 2 \u00b0 al 3 \u00b0 piano<\/b><br \/>\n<b class=\"thim-color-title\">Dimensioni m\u00b2 : Circa 28 m\u00b2<\/b><br \/>\n<b class=\"thim-color-title\">Dimensione ft\u00b2 : Circa 300 ft\u00b2<\/b><br \/>\n<b class=\"thim-color-title\">Bagno Con : Doccia<\/b><\/p>\n<hr \/>\n<p><b class=\"thim-color-title\"><\/b><br \/>\nTutti i monolocali sono spaziosi con balcone e dotati di angolo cottura completamente attrezzato con bollitore e fornelli elettrici, aria condizionata, frigo, internet wireless, TV, coperte, lenzuola, cuscini. Letti aggiuntivi e lettini per bambini sono disponibili su richiesta. (C'\u00e8 un costo aggiuntivo). Gli studi si trovano al secondo o terzo piano dell'hotel con ampi balconi soleggiati, alcuni con vista sulla piscina e alcuni che offrono il bellissimo cielo rosso al tramonto e gli hotel vicini sull'isola di Zante. La maggior parte dei monolocali si affaccia sul bellissimo cielo rosso al tramonto e sugli alberghi vicini. Gli studi sono ideali per coppie o amici. Ogni studio \u00e8 di 28 metri quadrati ed ha un letto matrimoniale ed un letto singolo.<\/p>\n<\/div>\n<\/div><\/div><\/div><div id=\"pgc-5707-1-1\"  class=\"panel-grid-cell panel-grid-cell-empty\" ><\/div><div id=\"pgc-5707-1-2\"  class=\"panel-grid-cell\" ><div id=\"panel-5707-1-2-0\" class=\"so-panel widget widget_black-studio-tinymce widget_black_studio_tinymce panel-first-child panel-last-child\" data-index=\"2\" ><h3 class=\"widget-title\">Servizi in camera<\/h3><div class=\"textwidget\"><p><i class=\"thim-color fa fa-check-circle\">&nbsp; <\/i>Aria condizionata<br \/>\n<i class=\"thim-color fa fa-check-circle\">&nbsp; <\/i>Televisione<br \/>\n<i class=\"thim-color fa fa-check-circle\">&nbsp; <\/i>Cucina<br \/>\n<i class=\"thim-color fa fa-check-circle\">&nbsp; <\/i>Cassetta di sicurezza<br \/>\n<i class=\"thim-color fa fa-check-circle\">&nbsp; <\/i>Microonde<br \/>\n<i class=\"thim-color fa fa-check-circle\">&nbsp; <\/i>Frigo<br \/>\n<i class=\"thim-color fa fa-check-circle\">&nbsp; <\/i>Asciugacapelli<br \/>\n<i class=\"thim-color fa fa-check-circle\">&nbsp; <\/i>Lenzuola<br \/>\n<i class=\"thim-color fa fa-check-circle\">&nbsp; <\/i>Coperte<br \/>\n<i class=\"thim-color fa fa-check-circle\">&nbsp; <\/i>Cuscini<br \/>\n<i class=\"thim-color fa fa-check-circle\">&nbsp; <\/i>Bagno privato<br \/>\n<i class=\"thim-color fa fa-check-circle\">&nbsp; <\/i>Balcone privato<br \/>\n<i class=\"thim-color fa fa-check-circle\">&nbsp; <\/i>Internet wireless gratuito<br \/>\n<i class=\"thim-color fa fa-check-circle\">&nbsp; <\/i>Acqua calda 24 ore<\/p>\n<\/div><\/div><\/div><\/div><div id=\"pg-5707-2\"  class=\"panel-grid panel-no-style\" ><div id=\"pgc-5707-2-0\"  class=\"panel-grid-cell\" ><div id=\"panel-5707-2-0-0\" class=\"so-panel widget widget_icon-box panel-first-child panel-last-child\" data-index=\"3\" ><div class=\"thim-widget-icon-box thim-widget-icon-box-base\"><div class=\"inner-box \"><div style=\"background-image:url()\" class=\"wrapper-box-icon text-left  \" ><div class=\"smicon-box iconbox-top\"><div class=\"content-inner\" ><div class=\"sc-heading article_heading\"><h3 class = \"heading__primary\" >Informazioni aggiuntive<\/h3><\/div><div class=\"desc-icon-box\"><div style=\"font-size: 13px;font-weight: bold;line-height: 20px;\">Consigli per trovare la tua camera perfetta a Zante.<\/div><\/div><\/div><\/div><!--end smicon-box--><\/div><\/div><\/div><\/div><\/div><\/div><div id=\"pg-5707-3\"  class=\"panel-grid panel-no-style\" ><div id=\"pgc-5707-3-0\"  class=\"panel-grid-cell\" ><div id=\"panel-5707-3-0-0\" class=\"so-panel widget widget_list-html panel-first-child panel-last-child\" data-index=\"4\" ><div class=\"panel-widget-style panel-widget-style-for-5707-3-0-0\" ><div class=\"thim-widget-list-html thim-widget-list-html-basic-40cd750bba98\"><div class=\"list-html-content row\"><div class=\"col-sm-6\"><div class=\"item-content\"><div class=\"title-list\"><h5>1. Pensa al futuro <\/h5><\/div><div class=\"desc-list\">Ricerca hotel a Zante prima del tuo arrivo usando parole come Zakynthos hotels, hotel zakinthos, hotel zante, hotel zakynthos. Non solo ti aiuter\u00e0 a trovare un hotel adatto alle tue vacanze, ma anche siti web con informazioni generali sull'isola, informandoti delle attrazioni da vedere e delle attivit\u00e0 disponibili a Zante.<\/div><\/div><\/div><div class=\"col-sm-6\"><div class=\"item-content\"><div class=\"title-list\"><h5>2. Guarda le recensioni <\/h5><\/div><div class=\"desc-list\">Ti consigliamo di guardare forum e siti web con i commenti delle persone che hanno visitato l'isola e hanno trascorso le loro vacanze a Zante. Questo ti aiuter\u00e0 a decidere quale hotel ha buone strutture con prezzi accessibili che sicuramente assicureranno un piacevole soggiorno a Zante. Hotel Vanessa \u00e8 uno degli hotel preferiti a Zante con prezzi competitivi rispetto ad altri hotel.<\/div><\/div><\/div><div class=\"col-sm-6\"><div class=\"item-content\"><div class=\"title-list\"><h5>3. Sii completo <\/h5><\/div><div class=\"desc-list\">Non lasciare nulla al caso! Dai un'occhiata a vari siti Web prima di prendere una decisione. Maggiore \u00e8 l'attenzione che si paga per i dettagli, pi\u00f9 \u00e8 probabile che tu possa trovare un hotel adatto alle tue esigenze.<\/div><\/div><\/div><div class=\"col-sm-6\"><div class=\"item-content\"><div class=\"title-list\"><h5>4. Sii realista <\/h5><\/div><div class=\"desc-list\">Non c'\u00e8 un hotel perfetto l\u00e0 fuori, la perfezione non esiste! Facciamo del nostro meglio per offrirti una meravigliosa vacanza! Se segui i passaggi 1,2 e 3, sicuramente ti avvicinerai.<\/div><\/div><\/div><span class=\"line-center\"><\/span><\/div><\/div><\/div><\/div><\/div><\/div><div id=\"pg-5707-4\"  class=\"panel-grid panel-no-style\" ><div id=\"pgc-5707-4-0\"  class=\"panel-grid-cell\" ><div id=\"panel-5707-4-0-0\" class=\"so-panel widget widget_black-studio-tinymce widget_black_studio_tinymce panel-first-child panel-last-child\" data-index=\"5\" ><h3 class=\"widget-title\">Altri tipi di camera<\/h3><div class=\"textwidget\"><p><figure id=\"attachment_10185\" aria-describedby=\"caption-attachment-10185\" style=\"width: 270px\" class=\"wp-caption alignleft\"><a href=\"https:\/\/hotelvanessa.gr\/it\/room\/apartment\/\"><img loading=\"lazy\" decoding=\"async\" class=\"wp-image-10185\" src=\"https:\/\/hotelvanessa.gr\/wp-content\/uploads\/2019\/07\/HOTELS_IN_ZAKYNTHOS-15.jpg\" alt=\"\" width=\"270\" height=\"180\" srcset=\"https:\/\/hotelvanessa.gr\/wp-content\/uploads\/2019\/07\/HOTELS_IN_ZAKYNTHOS-15.jpg 370w, https:\/\/hotelvanessa.gr\/wp-content\/uploads\/2019\/07\/HOTELS_IN_ZAKYNTHOS-15-272x182.jpg 272w\" sizes=\"auto, (max-width: 270px) 100vw, 270px\" \/><\/a><figcaption id=\"caption-attachment-10185\" class=\"wp-caption-text\"><strong>Appartamento<\/strong><\/figcaption><\/figure><\/p>\n<p><figure id=\"attachment_10186\" aria-describedby=\"caption-attachment-10186\" style=\"width: 270px\" class=\"wp-caption alignleft\"><a href=\"https:\/\/hotelvanessa.gr\/it\/room\/economy-apartment\/\"><img loading=\"lazy\" decoding=\"async\" class=\"wp-image-10186\" src=\"https:\/\/hotelvanessa.gr\/wp-content\/uploads\/2019\/07\/zante-zakynthos-hotels.jpg\" alt=\"\" width=\"270\" height=\"180\" srcset=\"https:\/\/hotelvanessa.gr\/wp-content\/uploads\/2019\/07\/zante-zakynthos-hotels.jpg 370w, https:\/\/hotelvanessa.gr\/wp-content\/uploads\/2019\/07\/zante-zakynthos-hotels-272x182.jpg 272w\" sizes=\"auto, (max-width: 270px) 100vw, 270px\" \/><\/a><figcaption id=\"caption-attachment-10186\" class=\"wp-caption-text\"><strong>Appartamento Economics<\/strong><\/figcaption><\/figure><\/p>\n<\/div><\/div><\/div><\/div><\/div>","protected":false},"excerpt":{"rendered":"<p>Letti Matrimoniali : 1 letto matrimoniale Letti Singoli : 1 letto singolo Occupazione : Da 1 a 3 adulti Ubicazione [&hellip;]<\/p>\n","protected":false},"author":1,"featured_media":0,"parent":4869,"menu_order":1,"comment_status":"closed","ping_status":"closed","template":"","meta":{"footnotes":""},"class_list":["post-5707","page","type-page","status-publish","hentry"],"_links":{"self":[{"href":"https:\/\/hotelvanessa.gr\/it\/wp-json\/wp\/v2\/pages\/5707","targetHints":{"allow":["GET"]}}],"collection":[{"href":"https:\/\/hotelvanessa.gr\/it\/wp-json\/wp\/v2\/pages"}],"about":[{"href":"https:\/\/hotelvanessa.gr\/it\/wp-json\/wp\/v2\/types\/page"}],"author":[{"embeddable":true,"href":"https:\/\/hotelvanessa.gr\/it\/wp-json\/wp\/v2\/users\/1"}],"replies":[{"embeddable":true,"href":"https:\/\/hotelvanessa.gr\/it\/wp-json\/wp\/v2\/comments?post=5707"}],"version-history":[{"count":18,"href":"https:\/\/hotelvanessa.gr\/it\/wp-json\/wp\/v2\/pages\/5707\/revisions"}],"predecessor-version":[{"id":12355,"href":"https:\/\/hotelvanessa.gr\/it\/wp-json\/wp\/v2\/pages\/5707\/revisions\/12355"}],"up":[{"embeddable":true,"href":"https:\/\/hotelvanessa.gr\/it\/wp-json\/wp\/v2\/pages\/4869"}],"wp:attachment":[{"href":"https:\/\/hotelvanessa.gr\/it\/wp-json\/wp\/v2\/media?parent=5707"}],"curies":[{"name":"wp","href":"https:\/\/api.w.org\/{rel}","templated":true}]}}