{"id":9940,"date":"2017-10-19T01:35:42","date_gmt":"2017-10-18T23:35:42","guid":{"rendered":"https:\/\/hotelvanessa.gr\/it\/room\/ground-floor-apartment\/"},"modified":"2025-08-25T19:58:10","modified_gmt":"2025-08-25T17:58:10","slug":"economy-apartment","status":"publish","type":"page","link":"https:\/\/hotelvanessa.gr\/it\/room\/economy-apartment\/","title":{"rendered":"Appartamento Economics"},"content":{"rendered":"<div id=\"pl-9940\"  class=\"panel-layout\" ><div id=\"pg-9940-0\"  class=\"panel-grid panel-no-style\" ><div id=\"pgc-9940-0-0\"  class=\"panel-grid-cell\" ><div id=\"panel-9940-0-0-0\" class=\"so-panel widget widget_sow-slider panel-first-child panel-last-child\" data-index=\"0\" ><div\n\t\t\t\n\t\t\tclass=\"so-widget-sow-slider so-widget-sow-slider-default-ccbb36c77057-9940\"\n\t\t\t\n\t\t>\t\t\t\t<div class=\"sow-slider-base\" style=\"display: none\" tabindex=\"0\">\n\t\t\t\t\t<ul\n\t\t\t\t\tclass=\"sow-slider-images\"\n\t\t\t\t\tdata-settings=\"{&quot;pagination&quot;:true,&quot;speed&quot;:800,&quot;timeout&quot;:3000,&quot;paused&quot;:false,&quot;pause_on_hover&quot;:false,&quot;swipe&quot;:true,&quot;nav_always_show_desktop&quot;:&quot;&quot;,&quot;nav_always_show_mobile&quot;:&quot;&quot;,&quot;breakpoint&quot;:&quot;780px&quot;,&quot;unmute&quot;:false,&quot;anchor&quot;:null}\"\n\t\t\t\t\t\t\t\t\t\tdata-anchor-id=\"\"\n\t\t\t\t>\t\t<li class=\"sow-slider-image\" style=\"visibility: visible;\" >\n\t\t\t\t\t\t<img loading=\"lazy\" decoding=\"async\" width=\"1000\" height=\"666\" src=\"https:\/\/hotelvanessa.gr\/wp-content\/uploads\/2019\/07\/zakynthos-hotels-zante-zakynthos-hotels-vanessa-hotel.jpg\" class=\"sow-slider-background-image\" alt=\"\" style=\"\" srcset=\"https:\/\/hotelvanessa.gr\/wp-content\/uploads\/2019\/07\/zakynthos-hotels-zante-zakynthos-hotels-vanessa-hotel.jpg 1000w, https:\/\/hotelvanessa.gr\/wp-content\/uploads\/2019\/07\/zakynthos-hotels-zante-zakynthos-hotels-vanessa-hotel-400x266.jpg 400w, https:\/\/hotelvanessa.gr\/wp-content\/uploads\/2019\/07\/zakynthos-hotels-zante-zakynthos-hotels-vanessa-hotel-600x400.jpg 600w, https:\/\/hotelvanessa.gr\/wp-content\/uploads\/2019\/07\/zakynthos-hotels-zante-zakynthos-hotels-vanessa-hotel-768x511.jpg 768w, https:\/\/hotelvanessa.gr\/wp-content\/uploads\/2019\/07\/zakynthos-hotels-zante-zakynthos-hotels-vanessa-hotel-272x182.jpg 272w\" sizes=\"auto, (max-width: 1000px) 100vw, 1000px\" \/>\t\t<\/li>\n\t\t\t\t<li class=\"sow-slider-image\" style=\"visibility: hidden;\" >\n\t\t\t\t\t\t<img loading=\"lazy\" decoding=\"async\" width=\"1000\" height=\"666\" src=\"https:\/\/hotelvanessa.gr\/wp-content\/uploads\/2019\/07\/hotels-zante-vanessa-hotel-zakynthos-hotels-vanessa-hotel.jpg\" class=\"sow-slider-background-image\" alt=\"\" style=\"\" srcset=\"https:\/\/hotelvanessa.gr\/wp-content\/uploads\/2019\/07\/hotels-zante-vanessa-hotel-zakynthos-hotels-vanessa-hotel.jpg 1000w, https:\/\/hotelvanessa.gr\/wp-content\/uploads\/2019\/07\/hotels-zante-vanessa-hotel-zakynthos-hotels-vanessa-hotel-400x266.jpg 400w, https:\/\/hotelvanessa.gr\/wp-content\/uploads\/2019\/07\/hotels-zante-vanessa-hotel-zakynthos-hotels-vanessa-hotel-600x400.jpg 600w, https:\/\/hotelvanessa.gr\/wp-content\/uploads\/2019\/07\/hotels-zante-vanessa-hotel-zakynthos-hotels-vanessa-hotel-768x511.jpg 768w, https:\/\/hotelvanessa.gr\/wp-content\/uploads\/2019\/07\/hotels-zante-vanessa-hotel-zakynthos-hotels-vanessa-hotel-272x182.jpg 272w\" sizes=\"auto, (max-width: 1000px) 100vw, 1000px\" \/>\t\t<\/li>\n\t\t\t\t<li class=\"sow-slider-image\" style=\"visibility: hidden;\" >\n\t\t\t\t\t\t<img loading=\"lazy\" decoding=\"async\" width=\"1000\" height=\"666\" src=\"https:\/\/hotelvanessa.gr\/wp-content\/uploads\/2019\/07\/zakynthos-hotels-zante-hotel-zakynthos-hotels-zante-vanessa.jpg\" class=\"sow-slider-background-image\" alt=\"\" style=\"\" srcset=\"https:\/\/hotelvanessa.gr\/wp-content\/uploads\/2019\/07\/zakynthos-hotels-zante-hotel-zakynthos-hotels-zante-vanessa.jpg 1000w, https:\/\/hotelvanessa.gr\/wp-content\/uploads\/2019\/07\/zakynthos-hotels-zante-hotel-zakynthos-hotels-zante-vanessa-400x266.jpg 400w, https:\/\/hotelvanessa.gr\/wp-content\/uploads\/2019\/07\/zakynthos-hotels-zante-hotel-zakynthos-hotels-zante-vanessa-600x400.jpg 600w, https:\/\/hotelvanessa.gr\/wp-content\/uploads\/2019\/07\/zakynthos-hotels-zante-hotel-zakynthos-hotels-zante-vanessa-768x511.jpg 768w, https:\/\/hotelvanessa.gr\/wp-content\/uploads\/2019\/07\/zakynthos-hotels-zante-hotel-zakynthos-hotels-zante-vanessa-272x182.jpg 272w\" sizes=\"auto, (max-width: 1000px) 100vw, 1000px\" \/>\t\t<\/li>\n\t\t\t\t<li class=\"sow-slider-image\" style=\"visibility: hidden;\" >\n\t\t\t\t\t\t<img loading=\"lazy\" decoding=\"async\" width=\"1000\" height=\"666\" src=\"https:\/\/hotelvanessa.gr\/wp-content\/uploads\/2019\/07\/zante-vanessa-hotel-zakynthos-hotels-zante-vanessa-hotel.jpg\" class=\"sow-slider-background-image\" alt=\"\" style=\"\" srcset=\"https:\/\/hotelvanessa.gr\/wp-content\/uploads\/2019\/07\/zante-vanessa-hotel-zakynthos-hotels-zante-vanessa-hotel.jpg 1000w, https:\/\/hotelvanessa.gr\/wp-content\/uploads\/2019\/07\/zante-vanessa-hotel-zakynthos-hotels-zante-vanessa-hotel-400x266.jpg 400w, https:\/\/hotelvanessa.gr\/wp-content\/uploads\/2019\/07\/zante-vanessa-hotel-zakynthos-hotels-zante-vanessa-hotel-600x400.jpg 600w, https:\/\/hotelvanessa.gr\/wp-content\/uploads\/2019\/07\/zante-vanessa-hotel-zakynthos-hotels-zante-vanessa-hotel-768x511.jpg 768w, https:\/\/hotelvanessa.gr\/wp-content\/uploads\/2019\/07\/zante-vanessa-hotel-zakynthos-hotels-zante-vanessa-hotel-272x182.jpg 272w\" sizes=\"auto, (max-width: 1000px) 100vw, 1000px\" \/>\t\t<\/li>\n\t\t\t\t<li class=\"sow-slider-image\" style=\"visibility: hidden;\" >\n\t\t\t\t\t\t\t\t<\/li>\n\t\t\t\t<li class=\"sow-slider-image\" style=\"visibility: hidden;\" >\n\t\t\t\t\t\t<img loading=\"lazy\" decoding=\"async\" width=\"1000\" height=\"666\" src=\"https:\/\/hotelvanessa.gr\/wp-content\/uploads\/2019\/07\/zakynthos-hotels-zante-vanessa-hotels-zante-vanessa-hotel.jpg\" class=\"sow-slider-background-image\" alt=\"\" style=\"\" srcset=\"https:\/\/hotelvanessa.gr\/wp-content\/uploads\/2019\/07\/zakynthos-hotels-zante-vanessa-hotels-zante-vanessa-hotel.jpg 1000w, https:\/\/hotelvanessa.gr\/wp-content\/uploads\/2019\/07\/zakynthos-hotels-zante-vanessa-hotels-zante-vanessa-hotel-400x266.jpg 400w, https:\/\/hotelvanessa.gr\/wp-content\/uploads\/2019\/07\/zakynthos-hotels-zante-vanessa-hotels-zante-vanessa-hotel-600x400.jpg 600w, https:\/\/hotelvanessa.gr\/wp-content\/uploads\/2019\/07\/zakynthos-hotels-zante-vanessa-hotels-zante-vanessa-hotel-768x511.jpg 768w, https:\/\/hotelvanessa.gr\/wp-content\/uploads\/2019\/07\/zakynthos-hotels-zante-vanessa-hotels-zante-vanessa-hotel-272x182.jpg 272w\" sizes=\"auto, (max-width: 1000px) 100vw, 1000px\" \/>\t\t<\/li>\n\t\t\t\t<li class=\"sow-slider-image\" style=\"visibility: hidden;\" >\n\t\t\t\t\t\t<img loading=\"lazy\" decoding=\"async\" width=\"1000\" height=\"666\" src=\"https:\/\/hotelvanessa.gr\/wp-content\/uploads\/2019\/07\/hotels-zante-vanessa-hotel-zakynthos-hotels-zante-vanessa-hotel.jpg\" class=\"sow-slider-background-image\" alt=\"\" style=\"\" srcset=\"https:\/\/hotelvanessa.gr\/wp-content\/uploads\/2019\/07\/hotels-zante-vanessa-hotel-zakynthos-hotels-zante-vanessa-hotel.jpg 1000w, https:\/\/hotelvanessa.gr\/wp-content\/uploads\/2019\/07\/hotels-zante-vanessa-hotel-zakynthos-hotels-zante-vanessa-hotel-400x266.jpg 400w, https:\/\/hotelvanessa.gr\/wp-content\/uploads\/2019\/07\/hotels-zante-vanessa-hotel-zakynthos-hotels-zante-vanessa-hotel-600x400.jpg 600w, https:\/\/hotelvanessa.gr\/wp-content\/uploads\/2019\/07\/hotels-zante-vanessa-hotel-zakynthos-hotels-zante-vanessa-hotel-768x511.jpg 768w, https:\/\/hotelvanessa.gr\/wp-content\/uploads\/2019\/07\/hotels-zante-vanessa-hotel-zakynthos-hotels-zante-vanessa-hotel-272x182.jpg 272w\" sizes=\"auto, (max-width: 1000px) 100vw, 1000px\" \/>\t\t<\/li>\n\t\t\t\t<li class=\"sow-slider-image\" style=\"visibility: hidden;\" >\n\t\t\t\t\t\t<img loading=\"lazy\" decoding=\"async\" width=\"1000\" height=\"666\" src=\"https:\/\/hotelvanessa.gr\/wp-content\/uploads\/2019\/07\/zakynthos-hotels-zante-vanessa-hotel-zakynthos-hotels-zante.jpg\" class=\"sow-slider-background-image\" alt=\"\" style=\"\" srcset=\"https:\/\/hotelvanessa.gr\/wp-content\/uploads\/2019\/07\/zakynthos-hotels-zante-vanessa-hotel-zakynthos-hotels-zante.jpg 1000w, https:\/\/hotelvanessa.gr\/wp-content\/uploads\/2019\/07\/zakynthos-hotels-zante-vanessa-hotel-zakynthos-hotels-zante-400x266.jpg 400w, https:\/\/hotelvanessa.gr\/wp-content\/uploads\/2019\/07\/zakynthos-hotels-zante-vanessa-hotel-zakynthos-hotels-zante-600x400.jpg 600w, https:\/\/hotelvanessa.gr\/wp-content\/uploads\/2019\/07\/zakynthos-hotels-zante-vanessa-hotel-zakynthos-hotels-zante-768x511.jpg 768w, https:\/\/hotelvanessa.gr\/wp-content\/uploads\/2019\/07\/zakynthos-hotels-zante-vanessa-hotel-zakynthos-hotels-zante-272x182.jpg 272w\" sizes=\"auto, (max-width: 1000px) 100vw, 1000px\" \/>\t\t<\/li>\n\t\t\t\t<li class=\"sow-slider-image\" style=\"visibility: hidden;\" >\n\t\t\t\t\t\t<img loading=\"lazy\" decoding=\"async\" width=\"1000\" height=\"666\" src=\"https:\/\/hotelvanessa.gr\/wp-content\/uploads\/2019\/07\/hotels-zante-vanessa-hotel-zakynthos-hotels.jpg\" class=\"sow-slider-background-image\" alt=\"\" style=\"\" srcset=\"https:\/\/hotelvanessa.gr\/wp-content\/uploads\/2019\/07\/hotels-zante-vanessa-hotel-zakynthos-hotels.jpg 1000w, https:\/\/hotelvanessa.gr\/wp-content\/uploads\/2019\/07\/hotels-zante-vanessa-hotel-zakynthos-hotels-400x266.jpg 400w, https:\/\/hotelvanessa.gr\/wp-content\/uploads\/2019\/07\/hotels-zante-vanessa-hotel-zakynthos-hotels-600x400.jpg 600w, https:\/\/hotelvanessa.gr\/wp-content\/uploads\/2019\/07\/hotels-zante-vanessa-hotel-zakynthos-hotels-768x511.jpg 768w, https:\/\/hotelvanessa.gr\/wp-content\/uploads\/2019\/07\/hotels-zante-vanessa-hotel-zakynthos-hotels-272x182.jpg 272w\" sizes=\"auto, (max-width: 1000px) 100vw, 1000px\" \/>\t\t<\/li>\n\t\t\t\t<li class=\"sow-slider-image\" style=\"visibility: hidden;\" >\n\t\t\t\t\t\t<img loading=\"lazy\" decoding=\"async\" width=\"1000\" height=\"666\" src=\"https:\/\/hotelvanessa.gr\/wp-content\/uploads\/2019\/07\/zakynthos-hotels-zante-vanessa-hotel-zakynthos-hotels-zante-vanessa-hotel.jpg\" class=\"sow-slider-background-image\" alt=\"\" style=\"\" srcset=\"https:\/\/hotelvanessa.gr\/wp-content\/uploads\/2019\/07\/zakynthos-hotels-zante-vanessa-hotel-zakynthos-hotels-zante-vanessa-hotel.jpg 1000w, https:\/\/hotelvanessa.gr\/wp-content\/uploads\/2019\/07\/zakynthos-hotels-zante-vanessa-hotel-zakynthos-hotels-zante-vanessa-hotel-400x266.jpg 400w, https:\/\/hotelvanessa.gr\/wp-content\/uploads\/2019\/07\/zakynthos-hotels-zante-vanessa-hotel-zakynthos-hotels-zante-vanessa-hotel-600x400.jpg 600w, https:\/\/hotelvanessa.gr\/wp-content\/uploads\/2019\/07\/zakynthos-hotels-zante-vanessa-hotel-zakynthos-hotels-zante-vanessa-hotel-768x511.jpg 768w, https:\/\/hotelvanessa.gr\/wp-content\/uploads\/2019\/07\/zakynthos-hotels-zante-vanessa-hotel-zakynthos-hotels-zante-vanessa-hotel-272x182.jpg 272w\" sizes=\"auto, (max-width: 1000px) 100vw, 1000px\" \/>\t\t<\/li>\n\t\t<\/ul>\t\t\t\t<ol class=\"sow-slider-pagination\">\n\t\t\t\t\t\t\t\t\t\t\t<li><a href=\"#\" data-goto=\"0\" aria-label=\"Display slide 1\"><\/a><\/li>\n\t\t\t\t\t\t\t\t\t\t\t<li><a href=\"#\" data-goto=\"1\" aria-label=\"Display slide 2\"><\/a><\/li>\n\t\t\t\t\t\t\t\t\t\t\t<li><a href=\"#\" data-goto=\"2\" aria-label=\"Display slide 3\"><\/a><\/li>\n\t\t\t\t\t\t\t\t\t\t\t<li><a href=\"#\" data-goto=\"3\" aria-label=\"Display slide 4\"><\/a><\/li>\n\t\t\t\t\t\t\t\t\t\t\t<li><a href=\"#\" data-goto=\"4\" aria-label=\"Display slide 5\"><\/a><\/li>\n\t\t\t\t\t\t\t\t\t\t\t<li><a href=\"#\" data-goto=\"5\" aria-label=\"Display slide 6\"><\/a><\/li>\n\t\t\t\t\t\t\t\t\t\t\t<li><a href=\"#\" data-goto=\"6\" aria-label=\"Display slide 7\"><\/a><\/li>\n\t\t\t\t\t\t\t\t\t\t\t<li><a href=\"#\" data-goto=\"7\" aria-label=\"Display slide 8\"><\/a><\/li>\n\t\t\t\t\t\t\t\t\t\t\t<li><a href=\"#\" data-goto=\"8\" aria-label=\"Display slide 9\"><\/a><\/li>\n\t\t\t\t\t\t\t\t\t\t\t<li><a href=\"#\" data-goto=\"9\" aria-label=\"Display slide 10\"><\/a><\/li>\n\t\t\t\t\t\t\t\t\t<\/ol>\n\n\t\t\t\t<div class=\"sow-slide-nav sow-slide-nav-next\">\n\t\t\t\t\t<a href=\"#\" data-goto=\"next\" aria-label=\"Next slide\" data-action=\"next\">\n\t\t\t\t\t\t<em class=\"sow-sld-icon-ultra-thin-rounded-right\"><\/em>\n\t\t\t\t\t<\/a>\n\t\t\t\t<\/div>\n\n\t\t\t\t<div class=\"sow-slide-nav sow-slide-nav-prev\">\n\t\t\t\t\t<a href=\"#\" data-goto=\"previous\" aria-label=\"Previous slide\" data-action=\"prev\">\n\t\t\t\t\t\t<em class=\"sow-sld-icon-ultra-thin-rounded-left\"><\/em>\n\t\t\t\t\t<\/a>\n\t\t\t\t<\/div>\n\t\t\t\t<\/div><\/div><\/div><\/div><\/div><div id=\"pg-9940-1\"  class=\"panel-grid panel-no-style\" ><div id=\"pgc-9940-1-0\"  class=\"panel-grid-cell\" ><div id=\"panel-9940-1-0-0\" class=\"so-panel widget widget_sow-editor panel-first-child panel-last-child\" data-index=\"1\" ><div\n\t\t\t\n\t\t\tclass=\"so-widget-sow-editor so-widget-sow-editor-base\"\n\t\t\t\n\t\t>\n<div class=\"siteorigin-widget-tinymce textwidget\">\n\t<p><b class=\"thim-color-title\">Letti matrimoniali :  1 letto matrimoniale<\/b><br \/>\n<b class=\"thim-color-title\">Letti singoli :  2 letti singoli<\/b><br \/>\n<b class=\"thim-color-title\">Occupazione :  Da 1 a 5 adulti<\/b><br \/>\n<b class=\"thim-color-title\">Posizione :  Piano terra<\/b><br \/>\n<b class=\"thim-color-title\">Dimensioni su m\u00b2 :  Approssimativamente 40 m\u00b2<\/b><br \/>\n<b class=\"thim-color-title\">Dimensioni su ft\u00b2 :  Approssimativamente 430 ft\u00b2<\/b><br \/>\n<b class=\"thim-color-title\">Bagno :  Bagno con doccia<\/b><\/p>\n<hr \/>\n<p><b class=\"thim-color-title\"><\/b><br \/>\nTutti gli appartamenti al piano terra sono dotati di balcone e offrono angolo cottura completamente attrezzato con bollitori e fornelli elettrici, aria condizionata, frigorifero, connessione internet wireless, TV, coperte, lenzuola, cuscini. Letti aggiuntivi e lettini per bambini sono disponibili su richiesta. (C'\u00e8 un costo aggiuntivo).<br \/>\nGli appartamenti sono situati al piano terra dell'hotel, con balconi che si affacciano sul bellissimo cielo rosso al tramonto e sugli alberghi vicini sull'isola di Zante. Gli appartamenti sono ideali per famiglie, coppie o amici. Ogni appartamento ha 2 camere separate. Una camera ha un letto matrimoniale, l'altra camera ha 2 letti singoli e una cucina completamente attrezzata.<\/p>\n<\/div>\n<\/div><\/div><\/div><div id=\"pgc-9940-1-1\"  class=\"panel-grid-cell panel-grid-cell-empty\" ><\/div><div id=\"pgc-9940-1-2\"  class=\"panel-grid-cell\" ><div id=\"panel-9940-1-2-0\" class=\"so-panel widget widget_black-studio-tinymce widget_black_studio_tinymce panel-first-child panel-last-child\" data-index=\"2\" ><h3 class=\"widget-title\">Camere Servizi<\/h3><div class=\"textwidget\"><p><i class=\"thim-color fa fa-check-circle\">&nbsp; <\/i>Aria condizionata<br \/>\n<i class=\"thim-color fa fa-check-circle\">&nbsp; <\/i>TV<br \/>\n<i class=\"thim-color fa fa-check-circle\">&nbsp; <\/i>Cucina<br \/>\n<i class=\"thim-color fa fa-check-circle\">&nbsp; <\/i>Cassetta di sicurezza<br \/>\n<i class=\"thim-color fa fa-check-circle\">&nbsp; <\/i>Microonde<br \/>\n<i class=\"thim-color fa fa-check-circle\">&nbsp; <\/i>Frigo<br \/>\n<i class=\"thim-color fa fa-check-circle\">&nbsp; <\/i>Asciugacapelli<br \/>\n<i class=\"thim-color fa fa-check-circle\">&nbsp; <\/i>Lenzuola<br \/>\n<i class=\"thim-color fa fa-check-circle\">&nbsp; <\/i>Coperte<br \/>\n<i class=\"thim-color fa fa-check-circle\">&nbsp; <\/i>Cuscini<br \/>\n<i class=\"thim-color fa fa-check-circle\">&nbsp; <\/i>Bagno privato<br \/>\n<i class=\"thim-color fa fa-check-circle\">&nbsp; <\/i>Balcone privato<br \/>\n<i class=\"thim-color fa fa-check-circle\">&nbsp; <\/i>Internet wireless gratuito<br \/>\n<i class=\"thim-color fa fa-check-circle\">&nbsp; <\/i>Acqua calda 24 ore<\/p>\n<\/div><\/div><\/div><\/div><div id=\"pg-9940-2\"  class=\"panel-grid panel-no-style\" ><div id=\"pgc-9940-2-0\"  class=\"panel-grid-cell\" ><div id=\"panel-9940-2-0-0\" class=\"so-panel widget widget_icon-box panel-first-child panel-last-child\" data-index=\"3\" ><div class=\"thim-widget-icon-box thim-widget-icon-box-base\"><div class=\"inner-box \"><div style=\"background-image:url()\" class=\"wrapper-box-icon text-left  \" ><div class=\"smicon-box iconbox-top\"><div class=\"content-inner\" ><div class=\"sc-heading article_heading\"><h3 class = \"heading__primary\" >Informazioni Aggiuntive<\/h3><\/div><div class=\"desc-icon-box\"><div style=\"font-size: 13px;font-weight: bold;line-height: 20px;\">Consigli per trovare la tua camera perfetta a Zante.<\/div><\/div><\/div><\/div><!--end smicon-box--><\/div><\/div><\/div><\/div><\/div><\/div><div id=\"pg-9940-3\"  class=\"panel-grid panel-no-style\" ><div id=\"pgc-9940-3-0\"  class=\"panel-grid-cell\" ><div id=\"panel-9940-3-0-0\" class=\"so-panel widget widget_list-html panel-first-child panel-last-child\" data-index=\"4\" ><div class=\"panel-widget-style panel-widget-style-for-9940-3-0-0\" ><div class=\"thim-widget-list-html thim-widget-list-html-basic-40cd750bba98\"><div class=\"list-html-content row\"><div class=\"col-sm-6\"><div class=\"item-content\"><div class=\"title-list\"><h5>1. Pensa l Futuro <\/h5><\/div><div class=\"desc-list\">Ricerca hotel a Zante prima del tuo arrivo usando parole come Zakynthos hotels, hotel zakinthos, hotel zante, hotel zakynthos. Non solo ti aiuter\u00e0 a trovare un hotel adatto alle tue vacanze, ma anche siti web con informazioni generali sull'isola, informandoti delle attrazioni da vedere e delle attivit\u00e0 disponibili a Zante.\n<\/div><\/div><\/div><div class=\"col-sm-6\"><div class=\"item-content\"><div class=\"title-list\"><h5>2. Guarda le Recensioni <\/h5><\/div><div class=\"desc-list\">Ti consigliamo di guardare forum e siti web con i commenti delle persone che hanno visitato l'isola e hanno trascorso le loro vacanze a Zante. Questo ti aiuter\u00e0 a decidere quale hotel ha buone strutture con prezzi accessibili che sicuramente assicureranno un piacevole soggiorno a Zante. Hotel Vanessa \u00e8 uno degli hotel preferiti a Zante con prezzi competitivi rispetto ad altri hotel.<\/div><\/div><\/div><div class=\"col-sm-6\"><div class=\"item-content\"><div class=\"title-list\"><h5>3. Sii Completo <\/h5><\/div><div class=\"desc-list\">Non lasciare nulla al caso! Dai un'occhiata a vari siti Web prima di prendere una decisione. Maggiore \u00e8 l'attenzione che si paga per i dettagli, pi\u00f9 \u00e8 probabile che tu possa trovare un hotel adatto alle tue esigenze.<\/div><\/div><\/div><div class=\"col-sm-6\"><div class=\"item-content\"><div class=\"title-list\"><h5>4. Sii Realista <\/h5><\/div><div class=\"desc-list\">Non c'\u00e8 un hotel perfetto l\u00e0 fuori, la perfezione non esiste! Facciamo del nostro meglio per offrirti una meravigliosa vacanza! Se segui i passaggi 1,2 e 3, sicuramente ti avvicinerai.<\/div><\/div><\/div><span class=\"line-center\"><\/span><\/div><\/div><\/div><\/div><\/div><\/div><div id=\"pg-9940-4\"  class=\"panel-grid panel-no-style\" ><div id=\"pgc-9940-4-0\"  class=\"panel-grid-cell\" ><div id=\"panel-9940-4-0-0\" class=\"so-panel widget widget_black-studio-tinymce widget_black_studio_tinymce panel-first-child panel-last-child\" data-index=\"5\" ><h3 class=\"widget-title\">Altre Stanze<\/h3><div class=\"textwidget\"><p><figure id=\"attachment_10325\" aria-describedby=\"caption-attachment-10325\" style=\"width: 270px\" class=\"wp-caption alignleft\"><a href=\"https:\/\/hotelvanessa.gr\/it\/room\/studio\/\"><img loading=\"lazy\" decoding=\"async\" class=\"wp-image-10325\" src=\"https:\/\/hotelvanessa.gr\/wp-content\/uploads\/2019\/07\/HOTELS-IN-ZANTE-2.jpg\" alt=\"\" width=\"270\" height=\"180\" srcset=\"https:\/\/hotelvanessa.gr\/wp-content\/uploads\/2019\/07\/HOTELS-IN-ZANTE-2.jpg 370w, https:\/\/hotelvanessa.gr\/wp-content\/uploads\/2019\/07\/HOTELS-IN-ZANTE-2-272x182.jpg 272w\" sizes=\"auto, (max-width: 270px) 100vw, 270px\" \/><\/a><figcaption id=\"caption-attachment-10325\" class=\"wp-caption-text\"><strong>Camera<\/strong><\/figcaption><\/figure><\/p>\n<p><figure id=\"attachment_10185\" aria-describedby=\"caption-attachment-10185\" style=\"width: 270px\" class=\"wp-caption alignleft\"><a href=\"https:\/\/hotelvanessa.gr\/it\/room\/apartment\/\"><img loading=\"lazy\" decoding=\"async\" class=\"wp-image-10185\" src=\"https:\/\/hotelvanessa.gr\/wp-content\/uploads\/2019\/07\/HOTELS_IN_ZAKYNTHOS-15.jpg\" alt=\"\" width=\"270\" height=\"180\" srcset=\"https:\/\/hotelvanessa.gr\/wp-content\/uploads\/2019\/07\/HOTELS_IN_ZAKYNTHOS-15.jpg 370w, https:\/\/hotelvanessa.gr\/wp-content\/uploads\/2019\/07\/HOTELS_IN_ZAKYNTHOS-15-272x182.jpg 272w\" sizes=\"auto, (max-width: 270px) 100vw, 270px\" \/><\/a><figcaption id=\"caption-attachment-10185\" class=\"wp-caption-text\"><strong>Appartamenti<\/strong><\/figcaption><\/figure><\/p>\n<\/div><\/div><\/div><\/div><\/div>","protected":false},"excerpt":{"rendered":"<p>Letti matrimoniali : 1 letto matrimoniale Letti singoli : 2 letti singoli Occupazione : Da 1 a 5 adulti Posizione [&hellip;]<\/p>\n","protected":false},"author":1,"featured_media":0,"parent":4869,"menu_order":3,"comment_status":"closed","ping_status":"closed","template":"","meta":{"footnotes":""},"class_list":["post-9940","page","type-page","status-publish","hentry"],"_links":{"self":[{"href":"https:\/\/hotelvanessa.gr\/it\/wp-json\/wp\/v2\/pages\/9940","targetHints":{"allow":["GET"]}}],"collection":[{"href":"https:\/\/hotelvanessa.gr\/it\/wp-json\/wp\/v2\/pages"}],"about":[{"href":"https:\/\/hotelvanessa.gr\/it\/wp-json\/wp\/v2\/types\/page"}],"author":[{"embeddable":true,"href":"https:\/\/hotelvanessa.gr\/it\/wp-json\/wp\/v2\/users\/1"}],"replies":[{"embeddable":true,"href":"https:\/\/hotelvanessa.gr\/it\/wp-json\/wp\/v2\/comments?post=9940"}],"version-history":[{"count":19,"href":"https:\/\/hotelvanessa.gr\/it\/wp-json\/wp\/v2\/pages\/9940\/revisions"}],"predecessor-version":[{"id":12362,"href":"https:\/\/hotelvanessa.gr\/it\/wp-json\/wp\/v2\/pages\/9940\/revisions\/12362"}],"up":[{"embeddable":true,"href":"https:\/\/hotelvanessa.gr\/it\/wp-json\/wp\/v2\/pages\/4869"}],"wp:attachment":[{"href":"https:\/\/hotelvanessa.gr\/it\/wp-json\/wp\/v2\/media?parent=9940"}],"curies":[{"name":"wp","href":"https:\/\/api.w.org\/{rel}","templated":true}]}}